
{"id":592,"date":"2023-02-28T16:08:33","date_gmt":"2023-02-28T16:08:33","guid":{"rendered":"https:\/\/www.alexcrossmusic.com\/biografia\/"},"modified":"2024-05-22T18:20:51","modified_gmt":"2024-05-22T18:20:51","slug":"biografia","status":"publish","type":"page","link":"https:\/\/www.alexcrossmusic.com\/es\/biografia\/","title":{"rendered":"Biograf\u00eda"},"content":{"rendered":"<p>[et_pb_section fb_built=\u00bb1&#8243; fullwidth=\u00bbon\u00bb _builder_version=\u00bb4.20.0&#8243; _module_preset=\u00bbdefault\u00bb background_image=\u00bbhttps:\/\/www.alexcrossmusic.com\/wp-content\/uploads\/2023\/03\/austin-neill-hgO1wFPXl3I-unsplash-biography.jpg\u00bb global_colors_info=\u00bb{}\u00bb][et_pb_fullwidth_header title=\u00bbBIOGRAF\u00cdA\u00bb _builder_version=\u00bb4.20.0&#8243; _module_preset=\u00bbdefault\u00bb title_font=\u00bb|700|||||||\u00bb title_text_align=\u00bbcenter\u00bb title_letter_spacing=\u00bb1px\u00bb use_background_color_gradient=\u00bbon\u00bb background_color_gradient_stops=\u00bbrgba(0,0,0,0.48) 0%|rgba(0,0,0,0.62) 100%\u00bb background_color_gradient_overlays_image=\u00bbon\u00bb background_image=\u00bbhttps:\/\/www.alexcrossmusic.com\/wp-content\/uploads\/2023\/02\/austin-neill-hgO1wFPXl3I-unsplash-1-scaled.jpg\u00bb parallax=\u00bbon\u00bb custom_padding=\u00bb16%||16%||true|false\u00bb global_colors_info=\u00bb{}\u00bb][\/et_pb_fullwidth_header][\/et_pb_section][et_pb_section fb_built=\u00bb1&#8243; _builder_version=\u00bb4.20.0&#8243; _module_preset=\u00bbdefault\u00bb global_colors_info=\u00bb{}\u00bb][et_pb_row column_structure=\u00bb1_2,1_2&#8243; _builder_version=\u00bb4.20.0&#8243; _module_preset=\u00bbdefault\u00bb global_colors_info=\u00bb{}\u00bb][et_pb_column type=\u00bb1_2&#8243; _builder_version=\u00bb4.20.0&#8243; _module_preset=\u00bbdefault\u00bb global_colors_info=\u00bb{}\u00bb][et_pb_text _builder_version=\u00bb4.24.3&#8243; _module_preset=\u00bbdefault\u00bb header_line_height=\u00bb1.3em\u00bb header_2_line_height=\u00bb1.3em\u00bb header_2_font_size_tablet=\u00bb\u00bb header_2_font_size_phone=\u00bb20px\u00bb header_2_font_size_last_edited=\u00bbon|tablet\u00bb global_colors_info=\u00bb{}\u00bb]<\/p>\n<h2><b style=\"font-size: 26px;\"><span lang=\"EN-US\"><\/span><\/b><\/h2>\n<h2><b style=\"font-size: 26px;\"><span lang=\"EN-US\"><\/span><\/b><\/h2>\n<h2><strong>A.C., conocido art\u00edsticamente como Alex Cross, es compositor, productor e int\u00e9rprete de guitarra. <\/strong><\/h2>\n<p>[\/et_pb_text][\/et_pb_column][et_pb_column type=\u00bb1_2&#8243; _builder_version=\u00bb4.20.0&#8243; _module_preset=\u00bbdefault\u00bb global_colors_info=\u00bb{}\u00bb][et_pb_image src=\u00bbhttps:\/\/www.alexcrossmusic.com\/wp-content\/uploads\/2023\/03\/kelvin-moquete-LOV7Gbmgm30-unsplash-biography.jpg\u00bb title_text=\u00bbkelvin-moquete-LOV7Gbmgm30-unsplash-biography\u00bb show_bottom_space=\u00bboff\u00bb force_fullwidth=\u00bbon\u00bb _builder_version=\u00bb4.20.0&#8243; _module_preset=\u00bbdefault\u00bb min_height=\u00bb100px\u00bb custom_padding=\u00bb||0px|||\u00bb global_colors_info=\u00bb{}\u00bb][\/et_pb_image][\/et_pb_column][\/et_pb_row][\/et_pb_section][et_pb_section fb_built=\u00bb1&#8243; _builder_version=\u00bb4.20.0&#8243; _module_preset=\u00bbdefault\u00bb custom_margin=\u00bb-89px|||||\u00bb global_colors_info=\u00bb{}\u00bb][et_pb_row _builder_version=\u00bb4.20.0&#8243; _module_preset=\u00bbdefault\u00bb custom_margin=\u00bb-170px|auto||auto|false|false\u00bb custom_padding=\u00bb29px||||false|false\u00bb global_colors_info=\u00bb{}\u00bb][et_pb_column type=\u00bb4_4&#8243; _builder_version=\u00bb4.20.0&#8243; _module_preset=\u00bbdefault\u00bb global_colors_info=\u00bb{}\u00bb][et_pb_text _builder_version=\u00bb4.24.3&#8243; text_font=\u00bbAlatsi||||||||\u00bb text_font_size=\u00bb17px\u00bb header_font=\u00bb||||||||\u00bb header_2_font=\u00bb||||||||\u00bb header_3_font=\u00bbLato|900|||||||\u00bb header_3_font_size=\u00bb26px\u00bb header_3_line_height=\u00bb1.6em\u00bb background_color=\u00bb#ffffff\u00bb text_orientation=\u00bbjustify\u00bb custom_margin=\u00bb-195px|350px|||false|false\u00bb custom_margin_tablet=\u00bb|8px||0px|false|false\u00bb custom_margin_phone=\u00bb-200px|10%|||false|false\u00bb custom_margin_last_edited=\u00bbon|tablet\u00bb custom_padding=\u00bb50px|40px|50px|40px|true|true\u00bb custom_padding_tablet=\u00bb\u00bb custom_padding_phone=\u00bb30px|20px|30px|20px|true|true\u00bb custom_padding_last_edited=\u00bbon|desktop\u00bb text_font_size_tablet=\u00bb\u00bb text_font_size_phone=\u00bb15px\u00bb text_font_size_last_edited=\u00bbon|desktop\u00bb header_3_font_size_tablet=\u00bb20px\u00bb header_3_font_size_phone=\u00bb16px\u00bb header_3_font_size_last_edited=\u00bbon|desktop\u00bb custom_css_main_element=\u00bbposition: relative;\u00bb box_shadow_style=\u00bbpreset3&#8243; text_text_align=\u00bbjustify\u00bb locked=\u00bboff\u00bb global_colors_info=\u00bb{}\u00bb]<\/p>\n<h3>Nacido en Roma, se embarc\u00f3 en un viaje musical que trascendi\u00f3 fronteras, viviendo en varios pa\u00edses de Europa y Am\u00e9rica. Por el camino, absorbi\u00f3 diversas culturas y estilos musicales que enriquecieron su paleta creativa.<\/h3>\n<p><span style=\"font-weight: 400;\">Tras a\u00f1os componiendo y actuando en el extranjero, Alex Cross concibi\u00f3 recientemente la idea de reunir a maestros de la m\u00fasica y amigos de todo el mundo. Bajo su direcci\u00f3n, interpretaban las melod\u00edas que elaboraba durante sus viajes.<\/span><\/p>\n<p><span style=\"font-weight: 400;\">El proyecto musical de Alex Cross gira en torno a un cautivador \u00e1lbum trilog\u00eda titulado \u00abStories from Life\u00bb. Esta trilog\u00eda se desarrolla en tres cap\u00edtulos distintos:<\/span><\/p>\n<p><span style=\"font-weight: 400;\">\u00abCrosswords\u00bb: En este cap\u00edtulo inicial, Alex colabora con artistas internacionales como Claudio Pietronik, Loida Liuzzi, Pascal Caraballo, Rafael Suncar e Ivanova Casimiro.<\/span><\/p>\n<p><span style=\"font-weight: 400;\">A medida que avancemos en la trilog\u00eda, m\u00e1s talentos se unir\u00e1n a este viaje creativo en los siguientes cap\u00edtulos llamados \u00abCorazones\u00bb y \u00abUnidad\u00bb. <\/span><\/p>\n<p><span style=\"font-weight: 400;\">Cada \u00e1lbum teje una narraci\u00f3n \u00fanica en la que se invita a los oyentes a un viaje c\u00edclico, reflejo del flujo y reflujo de la vida misma.<\/span><\/p>\n<p><span style=\"font-weight: 400;\">Las composiciones de Alex Cross sirven como eleg\u00edas, celebrando la vida a trav\u00e9s del lenguaje universal de la m\u00fasica. Su artesan\u00eda se extiende a las interpretaciones y a los est\u00e1ndares de grabaci\u00f3n, garantizando la transmisi\u00f3n sincera de emociones a los oyentes. El prisma de g\u00e9neros musicales que explora est\u00e1 unificado por un enfoque singular: contar historias.<\/span><\/p>\n<p><span style=\"font-weight: 400;\">Sum\u00e9rjase en este rico tapiz de sonidos, donde las fronteras se disuelven y la experiencia humana resuena profundamente. Pero el viaje no acaba ah\u00ed: las artes visuales tambi\u00e9n desempe\u00f1an un papel integral. Dise\u00f1adores art\u00edsticos de talento contribuyen a realzar la dimensi\u00f3n visual del proyecto, creando un encuentro art\u00edstico envolvente.<\/span><\/p>\n<p><span style=\"font-weight: 400;\">Alex Cross nos invita a explorar, escuchar y sentir una armoniosa fusi\u00f3n de m\u00fasica y expresiones sentidas. <\/span><\/p>\n<p>[\/et_pb_text][\/et_pb_column][\/et_pb_row][\/et_pb_section][et_pb_section fb_built=\u00bb1&#8243; custom_padding_last_edited=\u00bbon|phone\u00bb _builder_version=\u00bb4.20.0&#8243; _module_preset=\u00bbdefault\u00bb custom_padding=\u00bb1px||1px||true|false\u00bb custom_padding_tablet=\u00bb\u00bb custom_padding_phone=\u00bb\u00bb global_module=\u00bb333&#8243; saved_tabs=\u00bball\u00bb global_colors_info=\u00bb{}\u00bb][et_pb_row _builder_version=\u00bb4.20.0&#8243; _module_preset=\u00bbdefault\u00bb width=\u00bb24%\u00bb width_tablet=\u00bb\u00bb width_phone=\u00bb50%\u00bb width_last_edited=\u00bbon|phone\u00bb max_width=\u00bb50%\u00bb module_alignment=\u00bbcenter\u00bb global_colors_info=\u00bb{}\u00bb][et_pb_column type=\u00bb4_4&#8243; _builder_version=\u00bb4.20.0&#8243; _module_preset=\u00bbdefault\u00bb global_colors_info=\u00bb{}\u00bb][et_pb_image src=\u00bbhttps:\/\/www.alexcrossmusic.com\/wp-content\/uploads\/2023\/03\/Logo-AlexCross-18-1.png\u00bb title_text=\u00bbLogo AlexCross-18-1&#8243; _builder_version=\u00bb4.20.0&#8243; _module_preset=\u00bbdefault\u00bb width=\u00bb70%\u00bb width_tablet=\u00bb\u00bb width_phone=\u00bb\u00bb width_last_edited=\u00bbon|phone\u00bb max_width=\u00bb70%\u00bb module_alignment=\u00bbcenter\u00bb global_colors_info=\u00bb{}\u00bb][\/et_pb_image][\/et_pb_column][\/et_pb_row][et_pb_row _builder_version=\u00bb4.25.1&#8243; _module_preset=\u00bbdefault\u00bb global_colors_info=\u00bb{}\u00bb][et_pb_column type=\u00bb4_4&#8243; _builder_version=\u00bb4.25.1&#8243; _module_preset=\u00bbdefault\u00bb global_colors_info=\u00bb{}\u00bb][et_pb_social_media_follow follow_button=\u00bbon\u00bb _builder_version=\u00bb4.25.1&#8243; _module_preset=\u00bbdefault\u00bb text_orientation=\u00bbcenter\u00bb global_module=\u00bb9702&#8243; saved_tabs=\u00bball\u00bb global_colors_info=\u00bb{}\u00bb][et_pb_social_media_follow_network social_network=\u00bbspotify\u00bb url=\u00bbhttps:\/\/open.spotify.com\/intl-es\/artist\/0UttWGqAxeI3k1SKFHTWyk\u00bb _builder_version=\u00bb4.25.1&#8243; _module_preset=\u00bbdefault\u00bb background_color=\u00bb#1db954&#8243; global_colors_info=\u00bb{}\u00bb follow_button=\u00bbon\u00bb url_new_window=\u00bbon\u00bb]spotify[\/et_pb_social_media_follow_network][et_pb_social_media_follow_network social_network=\u00bbitunes\u00bb url=\u00bbhttps:\/\/music.apple.com\/do\/artist\/alex-cross\/1687975724&#8243; _builder_version=\u00bb4.25.1&#8243; _module_preset=\u00bbdefault\u00bb background_color=\u00bb#fe7333&#8243; global_colors_info=\u00bb{}\u00bb follow_button=\u00bbon\u00bb url_new_window=\u00bbon\u00bb]itunes[\/et_pb_social_media_follow_network][et_pb_social_media_follow_network social_network=\u00bbsoundcloud\u00bb url=\u00bbhttps:\/\/music.apple.com\/do\/artist\/alex-cross\/1687975724&#8243; _builder_version=\u00bb4.25.1&#8243; _module_preset=\u00bbdefault\u00bb background_color=\u00bb#ff8800&#8243; global_colors_info=\u00bb{}\u00bb follow_button=\u00bbon\u00bb url_new_window=\u00bbon\u00bb]soundcloud[\/et_pb_social_media_follow_network][et_pb_social_media_follow_network social_network=\u00bbamazon\u00bb url=\u00bbhttps:\/\/www.amazon.com\/music\/player\/artists\/B002NXKSPO\/alex-cross\u00bb _builder_version=\u00bb4.25.1&#8243; _module_preset=\u00bbdefault\u00bb background_color=\u00bb#ff9900&#8243; global_colors_info=\u00bb{}\u00bb follow_button=\u00bbon\u00bb url_new_window=\u00bbon\u00bb]amazon[\/et_pb_social_media_follow_network][et_pb_social_media_follow_network social_network=\u00bbyoutube\u00bb url=\u00bbhttps:\/\/www.youtube.com\/@alexcrossmusic\u00bb _builder_version=\u00bb4.25.1&#8243; _module_preset=\u00bbdefault\u00bb background_color=\u00bb#a82400&#8243; global_colors_info=\u00bb{}\u00bb follow_button=\u00bbon\u00bb url_new_window=\u00bbon\u00bb]youtube[\/et_pb_social_media_follow_network][et_pb_social_media_follow_network social_network=\u00bbtiktok\u00bb url=\u00bbhttps:\/\/www.tiktok.com\/@alexcrossmusicoriginal\u00bb _builder_version=\u00bb4.25.1&#8243; _module_preset=\u00bbdefault\u00bb background_color=\u00bb#fe2c55&#8243; global_colors_info=\u00bb{}\u00bb follow_button=\u00bbon\u00bb url_new_window=\u00bbon\u00bb]tiktok[\/et_pb_social_media_follow_network][et_pb_social_media_follow_network social_network=\u00bbinstagram\u00bb url=\u00bbhttps:\/\/www.instagram.com\/alexcrossmusic\/\u00bb _builder_version=\u00bb4.25.1&#8243; _module_preset=\u00bbdefault\u00bb background_color=\u00bb#ea2c59&#8243; global_colors_info=\u00bb{}\u00bb follow_button=\u00bbon\u00bb url_new_window=\u00bbon\u00bb]instagram[\/et_pb_social_media_follow_network][et_pb_social_media_follow_network social_network=\u00bbfacebook\u00bb url=\u00bbhttps:\/\/www.facebook.com\/alexcrossmusicofficial\u00bb _builder_version=\u00bb4.25.1&#8243; _module_preset=\u00bbdefault\u00bb background_color=\u00bb#3b5998&#8243; global_colors_info=\u00bb{}\u00bb follow_button=\u00bbon\u00bb url_new_window=\u00bbon\u00bb]facebook[\/et_pb_social_media_follow_network][et_pb_social_media_follow_network social_network=\u00bbtwitter\u00bb url=\u00bbhttps:\/\/x.com\/AlexCrossOrigin\u00bb _builder_version=\u00bb4.25.1&#8243; _module_preset=\u00bbdefault\u00bb background_color=\u00bb#000000&#8243; global_colors_info=\u00bb{}\u00bb follow_button=\u00bbon\u00bb url_new_window=\u00bbon\u00bb]X[\/et_pb_social_media_follow_network][\/et_pb_social_media_follow][\/et_pb_column][\/et_pb_row][\/et_pb_section]<\/p>\n","protected":false},"excerpt":{"rendered":"<p>A.C., conocido art\u00edsticamente como Alex Cross, es compositor, productor e int\u00e9rprete de guitarra. Nacido en Roma, se embarc\u00f3 en un viaje musical que trascendi\u00f3 fronteras, viviendo en varios pa\u00edses de Europa y Am\u00e9rica. Por el camino, absorbi\u00f3 diversas culturas y estilos musicales que enriquecieron su paleta creativa. Tras a\u00f1os componiendo y actuando en el extranjero, [&hellip;]<\/p>\n","protected":false},"author":2,"featured_media":0,"parent":0,"menu_order":0,"comment_status":"closed","ping_status":"closed","template":"","meta":{"_et_pb_use_builder":"on","_et_pb_old_content":"","_et_gb_content_width":"","footnotes":""},"class_list":["post-592","page","type-page","status-publish","hentry"],"jetpack_sharing_enabled":true,"_links":{"self":[{"href":"https:\/\/www.alexcrossmusic.com\/es\/wp-json\/wp\/v2\/pages\/592","targetHints":{"allow":["GET"]}}],"collection":[{"href":"https:\/\/www.alexcrossmusic.com\/es\/wp-json\/wp\/v2\/pages"}],"about":[{"href":"https:\/\/www.alexcrossmusic.com\/es\/wp-json\/wp\/v2\/types\/page"}],"author":[{"embeddable":true,"href":"https:\/\/www.alexcrossmusic.com\/es\/wp-json\/wp\/v2\/users\/2"}],"replies":[{"embeddable":true,"href":"https:\/\/www.alexcrossmusic.com\/es\/wp-json\/wp\/v2\/comments?post=592"}],"version-history":[{"count":20,"href":"https:\/\/www.alexcrossmusic.com\/es\/wp-json\/wp\/v2\/pages\/592\/revisions"}],"predecessor-version":[{"id":9968,"href":"https:\/\/www.alexcrossmusic.com\/es\/wp-json\/wp\/v2\/pages\/592\/revisions\/9968"}],"wp:attachment":[{"href":"https:\/\/www.alexcrossmusic.com\/es\/wp-json\/wp\/v2\/media?parent=592"}],"curies":[{"name":"wp","href":"https:\/\/api.w.org\/{rel}","templated":true}]}}