
{"id":12053,"date":"2024-05-27T14:25:37","date_gmt":"2024-05-27T14:25:37","guid":{"rendered":"https:\/\/www.alexcrossmusic.com\/product\/ac-heroes-camiseta-de-deporte-para-mujer-con-estampado-integral\/"},"modified":"2024-05-27T14:25:37","modified_gmt":"2024-05-27T14:25:37","slug":"ac-heroes-camiseta-de-deporte-para-mujer-con-estampado-integral","status":"publish","type":"product","link":"https:\/\/www.alexcrossmusic.com\/es\/producto\/ac-heroes-camiseta-de-deporte-para-mujer-con-estampado-integral\/","title":{"rendered":"AC \u00ae Heroes &#8211; Camiseta de deporte para mujer con estampado integral"},"content":{"rendered":"<p>Esta camiseta combina f\u00e1cilmente comodidad y estilo: el tejido de malla deportiva con control de la humedad mantendr\u00e1 a cualquier deportista seco y c\u00f3modo durante el ejercicio, mientras que el dise\u00f1o la convertir\u00e1 en una pieza \u00fanica.<br \/>\n&#8211; 92% poli\u00e9ster, 8% elast\u00e1n<br \/>\n&#8211; Peso del tejido: 150 g\/m\u00b2 (4,42 oz\/yd\u00b2)<br \/>\n&#8211; Tejido de malla deportiva el\u00e1stica en cuatro direcciones muy suave  <br \/>\n&#8211; Ajuste c\u00f3modo<br \/>\n&#8211; Sobrehilado y pespunte<br \/>\nEste producto se fabrica especialmente para usted en cuanto hace el pedido, por eso tardamos un poco m\u00e1s en entreg\u00e1rselo. Fabricar productos bajo pedido en lugar de a granel ayuda a reducir la sobreproducci\u00f3n, as\u00ed que gracias por tomar decisiones de compra meditadas.<\/p>\n","protected":false},"excerpt":{"rendered":"<p>Esta camiseta combina f\u00e1cilmente comodidad y estilo: el tejido de malla deportiva con control de la humedad mantendr\u00e1 a cualquier deportista seco y c\u00f3modo durante el ejercicio, mientras que el dise\u00f1o la convertir\u00e1 en una pieza \u00fanica. &#8211; 92% poli\u00e9ster, 8% elast\u00e1n &#8211; Peso del tejido: 150 g\/m\u00b2 (4,42 oz\/yd\u00b2) &#8211; Tejido de malla deportiva [&hellip;]<\/p>\n","protected":false},"featured_media":11845,"comment_status":"open","ping_status":"closed","template":"","meta":{"_et_pb_use_builder":"","_et_pb_old_content":"","_et_gb_content_width":""},"product_brand":[],"product_cat":[99],"product_tag":[],"class_list":{"0":"post-12053","1":"product","2":"type-product","3":"status-publish","4":"has-post-thumbnail","6":"product_cat-mujeres","8":"first","9":"instock","10":"shipping-taxable","11":"purchasable","12":"product-type-variable"},"jetpack_sharing_enabled":true,"_links":{"self":[{"href":"https:\/\/www.alexcrossmusic.com\/es\/wp-json\/wp\/v2\/product\/12053","targetHints":{"allow":["GET"]}}],"collection":[{"href":"https:\/\/www.alexcrossmusic.com\/es\/wp-json\/wp\/v2\/product"}],"about":[{"href":"https:\/\/www.alexcrossmusic.com\/es\/wp-json\/wp\/v2\/types\/product"}],"replies":[{"embeddable":true,"href":"https:\/\/www.alexcrossmusic.com\/es\/wp-json\/wp\/v2\/comments?post=12053"}],"wp:featuredmedia":[{"embeddable":true,"href":"https:\/\/www.alexcrossmusic.com\/es\/wp-json\/wp\/v2\/media\/11845"}],"wp:attachment":[{"href":"https:\/\/www.alexcrossmusic.com\/es\/wp-json\/wp\/v2\/media?parent=12053"}],"wp:term":[{"taxonomy":"product_brand","embeddable":true,"href":"https:\/\/www.alexcrossmusic.com\/es\/wp-json\/wp\/v2\/product_brand?post=12053"},{"taxonomy":"product_cat","embeddable":true,"href":"https:\/\/www.alexcrossmusic.com\/es\/wp-json\/wp\/v2\/product_cat?post=12053"},{"taxonomy":"product_tag","embeddable":true,"href":"https:\/\/www.alexcrossmusic.com\/es\/wp-json\/wp\/v2\/product_tag?post=12053"}],"curies":[{"name":"wp","href":"https:\/\/api.w.org\/{rel}","templated":true}]}}