
{"id":12061,"date":"2024-05-27T14:36:05","date_gmt":"2024-05-27T14:36:05","guid":{"rendered":"https:\/\/www.alexcrossmusic.com\/product\/ac-azul-cubico-pantalones-de-chandal-unisex\/"},"modified":"2024-05-27T14:36:05","modified_gmt":"2024-05-27T14:36:05","slug":"ac-azul-cubico-pantalones-de-chandal-unisex","status":"publish","type":"product","link":"https:\/\/www.alexcrossmusic.com\/es\/producto\/ac-azul-cubico-pantalones-de-chandal-unisex\/","title":{"rendered":"AC \u00ae Azul C\u00fabico Pantalones de ch\u00e1ndal unisex"},"content":{"rendered":"<p>Los pantalones de ch\u00e1ndal unisex son tu nueva prenda imprescindible para entrenar o para lucir un atuendo urbano. El tejido ligero y resistente al agua y el forro de malla proporcionan comodidad, mientras que los pu\u00f1os el\u00e1sticos de los tobillos te facilitar\u00e1n lucir tus zapatillas. Comb\u00ednalo con un cortavientos para completar tu look.<br \/>\n&#8211; 100% poli\u00e9ster<br \/>\n&#8211; Peso del tejido: 75 g\/m\u00b2 (2,21 oz\/yd\u00b2)<br \/>\n&#8211; Tejido ligero e impermeable<br \/>\n&#8211; Totalmente forrado, forro de malla  <br \/>\n&#8211; Corte relajado<br \/>\n&#8211; Cintura y tobillos el\u00e1sticos<br \/>\n&#8211; Cord\u00f3n de ajuste<br \/>\n&#8211; Bolsillos con cremallera<br \/>\n&#8211; Se sienta a la cadera<br \/>\n&#8211; Producto en blanco procedente de China<\/p>\n","protected":false},"excerpt":{"rendered":"<p>Los pantalones de ch\u00e1ndal unisex son tu nueva prenda imprescindible para entrenar o para lucir un atuendo urbano. El tejido ligero y resistente al agua y el forro de malla proporcionan comodidad, mientras que los pu\u00f1os el\u00e1sticos de los tobillos te facilitar\u00e1n lucir tus zapatillas. Comb\u00ednalo con un cortavientos para completar tu look. &#8211; 100% [&hellip;]<\/p>\n","protected":false},"featured_media":11863,"comment_status":"open","ping_status":"closed","template":"","meta":{"_et_pb_use_builder":"","_et_pb_old_content":"","_et_gb_content_width":""},"product_brand":[],"product_cat":[180],"product_tag":[],"class_list":{"0":"post-12061","1":"product","2":"type-product","3":"status-publish","4":"has-post-thumbnail","6":"product_cat-unisex-es","8":"first","9":"instock","10":"shipping-taxable","11":"purchasable","12":"product-type-variable"},"jetpack_sharing_enabled":true,"_links":{"self":[{"href":"https:\/\/www.alexcrossmusic.com\/es\/wp-json\/wp\/v2\/product\/12061","targetHints":{"allow":["GET"]}}],"collection":[{"href":"https:\/\/www.alexcrossmusic.com\/es\/wp-json\/wp\/v2\/product"}],"about":[{"href":"https:\/\/www.alexcrossmusic.com\/es\/wp-json\/wp\/v2\/types\/product"}],"replies":[{"embeddable":true,"href":"https:\/\/www.alexcrossmusic.com\/es\/wp-json\/wp\/v2\/comments?post=12061"}],"wp:featuredmedia":[{"embeddable":true,"href":"https:\/\/www.alexcrossmusic.com\/es\/wp-json\/wp\/v2\/media\/11863"}],"wp:attachment":[{"href":"https:\/\/www.alexcrossmusic.com\/es\/wp-json\/wp\/v2\/media?parent=12061"}],"wp:term":[{"taxonomy":"product_brand","embeddable":true,"href":"https:\/\/www.alexcrossmusic.com\/es\/wp-json\/wp\/v2\/product_brand?post=12061"},{"taxonomy":"product_cat","embeddable":true,"href":"https:\/\/www.alexcrossmusic.com\/es\/wp-json\/wp\/v2\/product_cat?post=12061"},{"taxonomy":"product_tag","embeddable":true,"href":"https:\/\/www.alexcrossmusic.com\/es\/wp-json\/wp\/v2\/product_tag?post=12061"}],"curies":[{"name":"wp","href":"https:\/\/api.w.org\/{rel}","templated":true}]}}