
{"id":12069,"date":"2024-05-26T12:15:11","date_gmt":"2024-05-26T12:15:11","guid":{"rendered":"https:\/\/www.alexcrossmusic.com\/product\/ac-heroes-camiseta-de-manga-larga-para-hombre\/"},"modified":"2024-05-26T12:15:11","modified_gmt":"2024-05-26T12:15:11","slug":"ac-heroes-camiseta-de-manga-larga-para-hombre","status":"publish","type":"product","link":"https:\/\/www.alexcrossmusic.com\/es\/producto\/ac-heroes-camiseta-de-manga-larga-para-hombre\/","title":{"rendered":"AC \u00ae Heroes &#8211; Camiseta de manga larga para hombre"},"content":{"rendered":"<p>Eleva tu atuendo con la camiseta premium heavyweight para hombre. La camiseta tiene un corte estructurado y elegante, y es duradera y suave gracias a su material de algod\u00f3n hilado en anillos. Coloca la camiseta en capas o ll\u00e9vala sola y disfruta de un aspecto estupendo con poco esfuerzo.<br \/>\n&#8211; 100% algod\u00f3n peinado hilado en anillos<br \/>\n&#8211; Los colores Gris Carb\u00f3n y Gris Carb\u00f3n son 60% algod\u00f3n y 40% poli\u00e9ster<br \/>\n&#8211; Peso del tejido: 220 g\/m\u00b2 (6,5 oz\/yd\u00b2)<br \/>\n&#8211; 20 solteros<br \/>\n&#8211; Corte normal<br \/>\n&#8211; Costura lateral<br \/>\n&#8211; 1 \u00d7 1 costilla en el cuello  <br \/>\n&#8211; Puntada de borde con aguja simple 7\/8\u2033.<br \/>\n&#8211; Producto en blanco procedente de Pakist\u00e1n<br \/>\nEste producto se fabrica especialmente para usted en cuanto hace el pedido, por eso tardamos un poco m\u00e1s en entreg\u00e1rselo. Fabricar productos bajo pedido en lugar de a granel ayuda a reducir la sobreproducci\u00f3n, as\u00ed que gracias por tomar decisiones de compra meditadas.<\/p>\n","protected":false},"excerpt":{"rendered":"<p>Eleva tu atuendo con la camiseta premium heavyweight para hombre. La camiseta tiene un corte estructurado y elegante, y es duradera y suave gracias a su material de algod\u00f3n hilado en anillos. Coloca la camiseta en capas o ll\u00e9vala sola y disfruta de un aspecto estupendo con poco esfuerzo. &#8211; 100% algod\u00f3n peinado hilado en [&hellip;]<\/p>\n","protected":false},"featured_media":11781,"comment_status":"open","ping_status":"closed","template":"","meta":{"_et_pb_use_builder":"","_et_pb_old_content":"","_et_gb_content_width":""},"product_brand":[],"product_cat":[106],"product_tag":[],"class_list":{"0":"post-12069","1":"product","2":"type-product","3":"status-publish","4":"has-post-thumbnail","6":"product_cat-hombres","8":"first","9":"instock","10":"shipping-taxable","11":"purchasable","12":"product-type-variable"},"jetpack_sharing_enabled":true,"_links":{"self":[{"href":"https:\/\/www.alexcrossmusic.com\/es\/wp-json\/wp\/v2\/product\/12069","targetHints":{"allow":["GET"]}}],"collection":[{"href":"https:\/\/www.alexcrossmusic.com\/es\/wp-json\/wp\/v2\/product"}],"about":[{"href":"https:\/\/www.alexcrossmusic.com\/es\/wp-json\/wp\/v2\/types\/product"}],"replies":[{"embeddable":true,"href":"https:\/\/www.alexcrossmusic.com\/es\/wp-json\/wp\/v2\/comments?post=12069"}],"wp:featuredmedia":[{"embeddable":true,"href":"https:\/\/www.alexcrossmusic.com\/es\/wp-json\/wp\/v2\/media\/11781"}],"wp:attachment":[{"href":"https:\/\/www.alexcrossmusic.com\/es\/wp-json\/wp\/v2\/media?parent=12069"}],"wp:term":[{"taxonomy":"product_brand","embeddable":true,"href":"https:\/\/www.alexcrossmusic.com\/es\/wp-json\/wp\/v2\/product_brand?post=12069"},{"taxonomy":"product_cat","embeddable":true,"href":"https:\/\/www.alexcrossmusic.com\/es\/wp-json\/wp\/v2\/product_cat?post=12069"},{"taxonomy":"product_tag","embeddable":true,"href":"https:\/\/www.alexcrossmusic.com\/es\/wp-json\/wp\/v2\/product_tag?post=12069"}],"curies":[{"name":"wp","href":"https:\/\/api.w.org\/{rel}","templated":true}]}}