
{"id":12090,"date":"2024-05-25T05:09:26","date_gmt":"2024-05-25T05:09:26","guid":{"rendered":"https:\/\/www.alexcrossmusic.com\/product\/sudadera-con-capucha-ac-heroes-crop\/"},"modified":"2024-05-25T05:09:26","modified_gmt":"2024-05-25T05:09:26","slug":"sudadera-con-capucha-ac-heroes-crop","status":"publish","type":"product","link":"https:\/\/www.alexcrossmusic.com\/es\/producto\/sudadera-con-capucha-ac-heroes-crop\/","title":{"rendered":"Sudadera con capucha AC \u00ae Heroes Crop"},"content":{"rendered":"<p>Deja que la moda se apodere de tu vestuario con esta magn\u00edfica pieza. El moderno dobladillo crudo y los cordones a juego hacen que esta sudadera con capucha se convierta en una aut\u00e9ntica favorita.<br \/>\n&#8211; 52% algod\u00f3n peinado e hilado en anillos airlume, 48% poli polar<br \/>\n&#8211; Peso del tejido: 220,39 g\/m\u00b2 (6,5 oz\/yd\u00b2)<br \/>\n&#8211; Cordones te\u00f1idos a juego<br \/>\n&#8211; Corte de hombros ca\u00eddos<br \/>\n&#8211; Cuerpo recortado con dobladillo crudo<br \/>\n&#8211; Producto en blanco procedente de M\u00e9xico, Nicaragua o Estados Unidos<br \/>\nEste producto se fabrica especialmente para usted en cuanto hace el pedido, por eso tardamos un poco m\u00e1s en entreg\u00e1rselo. Fabricar productos bajo pedido en lugar de a granel ayuda a reducir la sobreproducci\u00f3n, as\u00ed que gracias por tomar decisiones de compra meditadas.<\/p>\n","protected":false},"excerpt":{"rendered":"<p>Deja que la moda se apodere de tu vestuario con esta magn\u00edfica pieza. El moderno dobladillo crudo y los cordones a juego hacen que esta sudadera con capucha se convierta en una aut\u00e9ntica favorita. &#8211; 52% algod\u00f3n peinado e hilado en anillos airlume, 48% poli polar &#8211; Peso del tejido: 220,39 g\/m\u00b2 (6,5 oz\/yd\u00b2) &#8211; [&hellip;]<\/p>\n","protected":false},"featured_media":11588,"comment_status":"open","ping_status":"closed","template":"","meta":{"_et_pb_use_builder":"","_et_pb_old_content":"","_et_gb_content_width":""},"product_brand":[],"product_cat":[99],"product_tag":[],"class_list":{"0":"post-12090","1":"product","2":"type-product","3":"status-publish","4":"has-post-thumbnail","6":"product_cat-mujeres","8":"first","9":"instock","10":"shipping-taxable","11":"purchasable","12":"product-type-variable"},"jetpack_sharing_enabled":true,"_links":{"self":[{"href":"https:\/\/www.alexcrossmusic.com\/es\/wp-json\/wp\/v2\/product\/12090","targetHints":{"allow":["GET"]}}],"collection":[{"href":"https:\/\/www.alexcrossmusic.com\/es\/wp-json\/wp\/v2\/product"}],"about":[{"href":"https:\/\/www.alexcrossmusic.com\/es\/wp-json\/wp\/v2\/types\/product"}],"replies":[{"embeddable":true,"href":"https:\/\/www.alexcrossmusic.com\/es\/wp-json\/wp\/v2\/comments?post=12090"}],"wp:featuredmedia":[{"embeddable":true,"href":"https:\/\/www.alexcrossmusic.com\/es\/wp-json\/wp\/v2\/media\/11588"}],"wp:attachment":[{"href":"https:\/\/www.alexcrossmusic.com\/es\/wp-json\/wp\/v2\/media?parent=12090"}],"wp:term":[{"taxonomy":"product_brand","embeddable":true,"href":"https:\/\/www.alexcrossmusic.com\/es\/wp-json\/wp\/v2\/product_brand?post=12090"},{"taxonomy":"product_cat","embeddable":true,"href":"https:\/\/www.alexcrossmusic.com\/es\/wp-json\/wp\/v2\/product_cat?post=12090"},{"taxonomy":"product_tag","embeddable":true,"href":"https:\/\/www.alexcrossmusic.com\/es\/wp-json\/wp\/v2\/product_tag?post=12090"}],"curies":[{"name":"wp","href":"https:\/\/api.w.org\/{rel}","templated":true}]}}