
{"id":12101,"date":"2024-05-26T07:30:10","date_gmt":"2024-05-26T07:30:10","guid":{"rendered":"https:\/\/www.alexcrossmusic.com\/product\/ac-heroes-sudadera-con-capucha-oversize-unisex\/"},"modified":"2024-05-26T07:30:10","modified_gmt":"2024-05-26T07:30:10","slug":"ac-heroes-sudadera-con-capucha-oversize-unisex","status":"publish","type":"product","link":"https:\/\/www.alexcrossmusic.com\/es\/producto\/ac-heroes-sudadera-con-capucha-oversize-unisex\/","title":{"rendered":"AC \u00ae Heroes Sudadera con capucha oversize unisex"},"content":{"rendered":"<p>Marca estilo all\u00e1 donde vayas con esta moderna sudadera con capucha de gran tama\u00f1o. Es perfecta para llevar a capas, tiene un corte relajado y est\u00e1 confeccionada con un tejido extrasuave de primera calidad que garantiza la m\u00e1xima comodidad.  <\/p>\n<p>&#8211; 80% algod\u00f3n, 20% vell\u00f3n de poli\u00e9ster reciclado<br \/>\n&#8211; Corte unisex relajado<br \/>\n&#8211; Hombros ca\u00eddos  <br \/>\n&#8211; Capucha de jersey forrada sin cord\u00f3n de ajuste<br \/>\n&#8211; Bolsillo canguro delante<br \/>\n&#8211; Canal\u00e9 en los pu\u00f1os de las mangas<br \/>\n&#8211; Producto en blanco procedente de Vietnam<\/p>\n<p>Descargo de responsabilidad: El interior cepillado de esta sudadera con capucha tiende a desprenderse. Para reducir los restos visibles de pelusa en la ropa, evita llevar colores oscuros debajo de ropa de colores claros y viceversa.<\/p>\n<p>Este producto se fabrica especialmente para usted en cuanto hace el pedido, por eso tardamos un poco m\u00e1s en entreg\u00e1rselo. Fabricar productos bajo pedido en lugar de a granel ayuda a reducir la sobreproducci\u00f3n, as\u00ed que gracias por tomar decisiones de compra meditadas.<\/p>\n","protected":false},"excerpt":{"rendered":"<p>Marca estilo all\u00e1 donde vayas con esta moderna sudadera con capucha de gran tama\u00f1o. Es perfecta para llevar a capas, tiene un corte relajado y est\u00e1 confeccionada con un tejido extrasuave de primera calidad que garantiza la m\u00e1xima comodidad. &#8211; 80% algod\u00f3n, 20% vell\u00f3n de poli\u00e9ster reciclado &#8211; Corte unisex relajado &#8211; Hombros ca\u00eddos &#8211; [&hellip;]<\/p>\n","protected":false},"featured_media":11737,"comment_status":"open","ping_status":"closed","template":"","meta":{"_et_pb_use_builder":"","_et_pb_old_content":"","_et_gb_content_width":""},"product_brand":[],"product_cat":[106,99,180],"product_tag":[],"class_list":{"0":"post-12101","1":"product","2":"type-product","3":"status-publish","4":"has-post-thumbnail","6":"product_cat-hombres","7":"product_cat-mujeres","8":"product_cat-unisex-es","10":"first","11":"instock","12":"shipping-taxable","13":"purchasable","14":"product-type-variable"},"jetpack_sharing_enabled":true,"_links":{"self":[{"href":"https:\/\/www.alexcrossmusic.com\/es\/wp-json\/wp\/v2\/product\/12101","targetHints":{"allow":["GET"]}}],"collection":[{"href":"https:\/\/www.alexcrossmusic.com\/es\/wp-json\/wp\/v2\/product"}],"about":[{"href":"https:\/\/www.alexcrossmusic.com\/es\/wp-json\/wp\/v2\/types\/product"}],"replies":[{"embeddable":true,"href":"https:\/\/www.alexcrossmusic.com\/es\/wp-json\/wp\/v2\/comments?post=12101"}],"wp:featuredmedia":[{"embeddable":true,"href":"https:\/\/www.alexcrossmusic.com\/es\/wp-json\/wp\/v2\/media\/11737"}],"wp:attachment":[{"href":"https:\/\/www.alexcrossmusic.com\/es\/wp-json\/wp\/v2\/media?parent=12101"}],"wp:term":[{"taxonomy":"product_brand","embeddable":true,"href":"https:\/\/www.alexcrossmusic.com\/es\/wp-json\/wp\/v2\/product_brand?post=12101"},{"taxonomy":"product_cat","embeddable":true,"href":"https:\/\/www.alexcrossmusic.com\/es\/wp-json\/wp\/v2\/product_cat?post=12101"},{"taxonomy":"product_tag","embeddable":true,"href":"https:\/\/www.alexcrossmusic.com\/es\/wp-json\/wp\/v2\/product_tag?post=12101"}],"curies":[{"name":"wp","href":"https:\/\/api.w.org\/{rel}","templated":true}]}}