
{"id":12113,"date":"2024-05-25T04:15:59","date_gmt":"2024-05-25T04:15:59","guid":{"rendered":"https:\/\/www.alexcrossmusic.com\/product\/ac-logotipo-dorado-camiseta-clasica-de-hombre\/"},"modified":"2024-05-25T04:15:59","modified_gmt":"2024-05-25T04:15:59","slug":"ac-logotipo-dorado-camiseta-clasica-de-hombre","status":"publish","type":"product","link":"https:\/\/www.alexcrossmusic.com\/es\/producto\/ac-logotipo-dorado-camiseta-clasica-de-hombre\/","title":{"rendered":"AC \u00ae Logotipo dorado Camiseta cl\u00e1sica de hombre"},"content":{"rendered":"<p>La camiseta cl\u00e1sica de hombre 100% algod\u00f3n te ayudar\u00e1 a conseguir un look m\u00e1s estructurado. Se asienta bien, mantiene las l\u00edneas n\u00edtidas en los bordes y combina a la perfecci\u00f3n con conjuntos streetwear a capas. Adem\u00e1s, \u00a1ahora est\u00e1 m\u00e1s de moda! <br \/>\n &#8211; 100% algod\u00f3n<br \/>\n &#8211; Sport Grey es 90% algod\u00f3n, 10% poli\u00e9ster<br \/>\n &#8211; Gris ceniza es 99% algod\u00f3n, 1% poli\u00e9ster<br \/>\n &#8211; Los colores de brezo son 50% algod\u00f3n, 50% poli\u00e9ster<br \/>\n &#8211; Peso del tejido: 170-180 g\/m\u00b2 (5,0-5,3 oz\/yd\u00b2) <br \/>\n &#8211; Hilo abierto<br \/>\n &#8211; Tejido tubular<br \/>\n &#8211; Cuello y hombros encintados<br \/>\n &#8211; Doble costura en las mangas y en el dobladillo inferior<br \/>\n &#8211; Producto en blanco procedente de Honduras, Nicaragua, Hait\u00ed, Rep\u00fablica Dominicana, Bangladesh, M\u00e9xico<br \/>\nEste producto se fabrica especialmente para usted en cuanto hace el pedido, por eso tardamos un poco m\u00e1s en entreg\u00e1rselo. Fabricar productos bajo pedido en lugar de a granel ayuda a reducir la sobreproducci\u00f3n, as\u00ed que gracias por tomar decisiones de compra meditadas.<\/p>\n","protected":false},"excerpt":{"rendered":"<p>La camiseta cl\u00e1sica de hombre 100% algod\u00f3n te ayudar\u00e1 a conseguir un look m\u00e1s estructurado. Se asienta bien, mantiene las l\u00edneas n\u00edtidas en los bordes y combina a la perfecci\u00f3n con conjuntos streetwear a capas. Adem\u00e1s, \u00a1ahora est\u00e1 m\u00e1s de moda! &#8211; 100% algod\u00f3n &#8211; Sport Grey es 90% algod\u00f3n, 10% poli\u00e9ster &#8211; Gris ceniza [&hellip;]<\/p>\n","protected":false},"featured_media":11528,"comment_status":"open","ping_status":"closed","template":"","meta":{"_et_pb_use_builder":"","_et_pb_old_content":"","_et_gb_content_width":""},"product_brand":[],"product_cat":[106],"product_tag":[],"class_list":{"0":"post-12113","1":"product","2":"type-product","3":"status-publish","4":"has-post-thumbnail","6":"product_cat-hombres","8":"first","9":"instock","10":"shipping-taxable","11":"purchasable","12":"product-type-variable"},"jetpack_sharing_enabled":true,"_links":{"self":[{"href":"https:\/\/www.alexcrossmusic.com\/es\/wp-json\/wp\/v2\/product\/12113","targetHints":{"allow":["GET"]}}],"collection":[{"href":"https:\/\/www.alexcrossmusic.com\/es\/wp-json\/wp\/v2\/product"}],"about":[{"href":"https:\/\/www.alexcrossmusic.com\/es\/wp-json\/wp\/v2\/types\/product"}],"replies":[{"embeddable":true,"href":"https:\/\/www.alexcrossmusic.com\/es\/wp-json\/wp\/v2\/comments?post=12113"}],"wp:featuredmedia":[{"embeddable":true,"href":"https:\/\/www.alexcrossmusic.com\/es\/wp-json\/wp\/v2\/media\/11528"}],"wp:attachment":[{"href":"https:\/\/www.alexcrossmusic.com\/es\/wp-json\/wp\/v2\/media?parent=12113"}],"wp:term":[{"taxonomy":"product_brand","embeddable":true,"href":"https:\/\/www.alexcrossmusic.com\/es\/wp-json\/wp\/v2\/product_brand?post=12113"},{"taxonomy":"product_cat","embeddable":true,"href":"https:\/\/www.alexcrossmusic.com\/es\/wp-json\/wp\/v2\/product_cat?post=12113"},{"taxonomy":"product_tag","embeddable":true,"href":"https:\/\/www.alexcrossmusic.com\/es\/wp-json\/wp\/v2\/product_tag?post=12113"}],"curies":[{"name":"wp","href":"https:\/\/api.w.org\/{rel}","templated":true}]}}