
{"id":12174,"date":"2024-05-24T22:06:30","date_gmt":"2024-05-24T22:06:30","guid":{"rendered":"https:\/\/www.alexcrossmusic.com\/product\/bikini-de-talle-alto-summer-alex-cross-lands-of-tomorrow-recycled\/"},"modified":"2024-05-24T22:06:30","modified_gmt":"2024-05-24T22:06:30","slug":"bikini-de-talle-alto-summer-alex-cross-lands-of-tomorrow-recycled","status":"publish","type":"product","link":"https:\/\/www.alexcrossmusic.com\/es\/producto\/bikini-de-talle-alto-summer-alex-cross-lands-of-tomorrow-recycled\/","title":{"rendered":"Bikini de talle alto Summer Alex Cross \u00ae Lands of Tomorrow Recycled"},"content":{"rendered":"<p>Es muy f\u00e1cil enamorarse de este conjunto de bikini. Las almohadillas extra\u00edbles y su doble capa lo hacen c\u00f3modo para llevarlo todo el d\u00eda junto a la piscina o en la playa.<br \/>\n&#8211; Composici\u00f3n del tejido en la UE: 88% poli\u00e9ster reciclado, 12% elastano<br \/>\n&#8211; Peso del tejido en la UE (puede variar un 5%): 230 g\/m\u00b2 (6,78 oz\/yd\u00b2)<br \/>\n&#8211; Composici\u00f3n del tejido en MX: 81% poli\u00e9ster reciclado REPREVE, 19% LYCRA XTRALIFE <br \/>\n&#8211; Peso del tejido en MX (puede variar un 5%): 255 g\/m\u00b2 (7,52 oz\/yd\u00b2)<br \/>\n&#8211; De doble capa y no reversible<br \/>\n&#8211; Acolchado extra\u00edble<br \/>\n&#8211; Etiqueta de cuidado desprendible<br \/>\n&#8211; Costura en zig-zag<br \/>\n&#8211; Componentes de productos en blanco en la UE procedentes de Espa\u00f1a, Alemania, Taiw\u00e1n, Vietnam, Camboya y Lituania<br \/>\n&#8211; Componentes de productos en blanco en MX procedentes de Colombia, Taiw\u00e1n y China<\/p>\n","protected":false},"excerpt":{"rendered":"<p>Es muy f\u00e1cil enamorarse de este conjunto de bikini. Las almohadillas extra\u00edbles y su doble capa lo hacen c\u00f3modo para llevarlo todo el d\u00eda junto a la piscina o en la playa. &#8211; Composici\u00f3n del tejido en la UE: 88% poli\u00e9ster reciclado, 12% elastano &#8211; Peso del tejido en la UE (puede variar un 5%): [&hellip;]<\/p>\n","protected":false},"featured_media":11146,"comment_status":"open","ping_status":"closed","template":"","meta":{"_et_pb_use_builder":"","_et_pb_old_content":"","_et_gb_content_width":""},"product_brand":[],"product_cat":[99],"product_tag":[],"class_list":{"0":"post-12174","1":"product","2":"type-product","3":"status-publish","4":"has-post-thumbnail","6":"product_cat-mujeres","8":"first","9":"instock","10":"shipping-taxable","11":"purchasable","12":"product-type-variable"},"jetpack_sharing_enabled":true,"_links":{"self":[{"href":"https:\/\/www.alexcrossmusic.com\/es\/wp-json\/wp\/v2\/product\/12174","targetHints":{"allow":["GET"]}}],"collection":[{"href":"https:\/\/www.alexcrossmusic.com\/es\/wp-json\/wp\/v2\/product"}],"about":[{"href":"https:\/\/www.alexcrossmusic.com\/es\/wp-json\/wp\/v2\/types\/product"}],"replies":[{"embeddable":true,"href":"https:\/\/www.alexcrossmusic.com\/es\/wp-json\/wp\/v2\/comments?post=12174"}],"wp:featuredmedia":[{"embeddable":true,"href":"https:\/\/www.alexcrossmusic.com\/es\/wp-json\/wp\/v2\/media\/11146"}],"wp:attachment":[{"href":"https:\/\/www.alexcrossmusic.com\/es\/wp-json\/wp\/v2\/media?parent=12174"}],"wp:term":[{"taxonomy":"product_brand","embeddable":true,"href":"https:\/\/www.alexcrossmusic.com\/es\/wp-json\/wp\/v2\/product_brand?post=12174"},{"taxonomy":"product_cat","embeddable":true,"href":"https:\/\/www.alexcrossmusic.com\/es\/wp-json\/wp\/v2\/product_cat?post=12174"},{"taxonomy":"product_tag","embeddable":true,"href":"https:\/\/www.alexcrossmusic.com\/es\/wp-json\/wp\/v2\/product_tag?post=12174"}],"curies":[{"name":"wp","href":"https:\/\/api.w.org\/{rel}","templated":true}]}}