
{"id":12181,"date":"2024-05-24T22:21:51","date_gmt":"2024-05-24T22:21:51","guid":{"rendered":"https:\/\/www.alexcrossmusic.com\/product\/gorra-ac-heroes-under-armour\/"},"modified":"2024-05-24T22:21:51","modified_gmt":"2024-05-24T22:21:51","slug":"gorra-ac-heroes-under-armour","status":"publish","type":"product","link":"https:\/\/www.alexcrossmusic.com\/es\/producto\/gorra-ac-heroes-under-armour\/","title":{"rendered":"Gorra AC \u00ae Heroes Under Armour"},"content":{"rendered":"<p>Eleva tu rendimiento y tu estilo con esta gorra cl\u00e1sica de Under Armour\u00ae, dise\u00f1ada para ofrecer comodidad y durabilidad. La banda para el sudor HeatGear\u00ae incorporada evacua la humedad, por lo que esta gorra es ideal para veranos calurosos y entrenamientos din\u00e1micos.<br \/>\n&#8211; 65% poli\u00e9ster, 35% algod\u00f3n<br \/>\n&#8211; Etiqueta Under Armour\u00ae bordada en el lado izquierdo<br \/>\n&#8211; Sin estructura, 6 paneles, perfil bajo<br \/>\n&#8211; Visera curvada<br \/>\n&#8211; Cierre de correa de tela ajustable<br \/>\n&#8211; Producto en blanco procedente de Vietnam<br \/>\nEste producto se fabrica especialmente para usted en cuanto hace el pedido, por eso tardamos un poco m\u00e1s en entreg\u00e1rselo. Fabricar productos bajo pedido en lugar de a granel ayuda a reducir la sobreproducci\u00f3n, as\u00ed que gracias por tomar decisiones de compra meditadas.<\/p>\n","protected":false},"excerpt":{"rendered":"<p>Eleva tu rendimiento y tu estilo con esta gorra cl\u00e1sica de Under Armour\u00ae, dise\u00f1ada para ofrecer comodidad y durabilidad. La banda para el sudor HeatGear\u00ae incorporada evacua la humedad, por lo que esta gorra es ideal para veranos calurosos y entrenamientos din\u00e1micos. &#8211; 65% poli\u00e9ster, 35% algod\u00f3n &#8211; Etiqueta Under Armour\u00ae bordada en el lado [&hellip;]<\/p>\n","protected":false},"featured_media":11179,"comment_status":"open","ping_status":"closed","template":"","meta":{"_et_pb_use_builder":"","_et_pb_old_content":"","_et_gb_content_width":""},"product_brand":[],"product_cat":[100],"product_tag":[],"class_list":{"0":"post-12181","1":"product","2":"type-product","3":"status-publish","4":"has-post-thumbnail","6":"product_cat-accesorios","8":"first","9":"instock","10":"shipping-taxable","11":"purchasable","12":"product-type-variable"},"jetpack_sharing_enabled":true,"_links":{"self":[{"href":"https:\/\/www.alexcrossmusic.com\/es\/wp-json\/wp\/v2\/product\/12181","targetHints":{"allow":["GET"]}}],"collection":[{"href":"https:\/\/www.alexcrossmusic.com\/es\/wp-json\/wp\/v2\/product"}],"about":[{"href":"https:\/\/www.alexcrossmusic.com\/es\/wp-json\/wp\/v2\/types\/product"}],"replies":[{"embeddable":true,"href":"https:\/\/www.alexcrossmusic.com\/es\/wp-json\/wp\/v2\/comments?post=12181"}],"wp:featuredmedia":[{"embeddable":true,"href":"https:\/\/www.alexcrossmusic.com\/es\/wp-json\/wp\/v2\/media\/11179"}],"wp:attachment":[{"href":"https:\/\/www.alexcrossmusic.com\/es\/wp-json\/wp\/v2\/media?parent=12181"}],"wp:term":[{"taxonomy":"product_brand","embeddable":true,"href":"https:\/\/www.alexcrossmusic.com\/es\/wp-json\/wp\/v2\/product_brand?post=12181"},{"taxonomy":"product_cat","embeddable":true,"href":"https:\/\/www.alexcrossmusic.com\/es\/wp-json\/wp\/v2\/product_cat?post=12181"},{"taxonomy":"product_tag","embeddable":true,"href":"https:\/\/www.alexcrossmusic.com\/es\/wp-json\/wp\/v2\/product_tag?post=12181"}],"curies":[{"name":"wp","href":"https:\/\/api.w.org\/{rel}","templated":true}]}}