
{"id":12186,"date":"2024-05-24T21:59:47","date_gmt":"2024-05-24T21:59:47","guid":{"rendered":"https:\/\/www.alexcrossmusic.com\/product\/gorra-snapback-ac-heroes\/"},"modified":"2024-05-24T21:59:47","modified_gmt":"2024-05-24T21:59:47","slug":"gorra-snapback-ac-heroes","status":"publish","type":"product","link":"https:\/\/www.alexcrossmusic.com\/es\/producto\/gorra-snapback-ac-heroes\/","title":{"rendered":"Gorra Snapback AC \u00ae Heroes"},"content":{"rendered":"<p>Este sombrero est\u00e1 estructurado con un ajuste cl\u00e1sico, ala plana y bucar\u00e1n completo. El cierre a presi\u00f3n ajustable la convierte en una gorra c\u00f3moda y de talla \u00fanica. <br \/>\n&#8211; 80% acr\u00edlico, 20% lana<br \/>\n&#8211; El Camuflaje Verde es 60% algod\u00f3n, 40% poli\u00e9ster<br \/>\n&#8211; Estructurado, 6 paneles, perfil alto<br \/>\n&#8211; 6 ojales bordados<br \/>\n&#8211; Cierre a presi\u00f3n de pl\u00e1stico<br \/>\n&#8211; Subvisor verde<br \/>\n&#8211; Per\u00edmetro cef\u00e1lico: 21\u215d-23\u215d\u2033 (54,9 cm-60 cm)<br \/>\n&#8211; Producto en blanco procedente de Vietnam o Bangladesh<\/p>\n","protected":false},"excerpt":{"rendered":"<p>Este sombrero est\u00e1 estructurado con un ajuste cl\u00e1sico, ala plana y bucar\u00e1n completo. El cierre a presi\u00f3n ajustable la convierte en una gorra c\u00f3moda y de talla \u00fanica. &#8211; 80% acr\u00edlico, 20% lana &#8211; El Camuflaje Verde es 60% algod\u00f3n, 40% poli\u00e9ster &#8211; Estructurado, 6 paneles, perfil alto &#8211; 6 ojales bordados &#8211; Cierre a [&hellip;]<\/p>\n","protected":false},"featured_media":11101,"comment_status":"open","ping_status":"closed","template":"","meta":{"_et_pb_use_builder":"","_et_pb_old_content":"","_et_gb_content_width":""},"product_brand":[],"product_cat":[100],"product_tag":[],"class_list":{"0":"post-12186","1":"product","2":"type-product","3":"status-publish","4":"has-post-thumbnail","6":"product_cat-accesorios","8":"first","9":"instock","10":"shipping-taxable","11":"purchasable","12":"product-type-variable"},"jetpack_sharing_enabled":true,"_links":{"self":[{"href":"https:\/\/www.alexcrossmusic.com\/es\/wp-json\/wp\/v2\/product\/12186","targetHints":{"allow":["GET"]}}],"collection":[{"href":"https:\/\/www.alexcrossmusic.com\/es\/wp-json\/wp\/v2\/product"}],"about":[{"href":"https:\/\/www.alexcrossmusic.com\/es\/wp-json\/wp\/v2\/types\/product"}],"replies":[{"embeddable":true,"href":"https:\/\/www.alexcrossmusic.com\/es\/wp-json\/wp\/v2\/comments?post=12186"}],"wp:featuredmedia":[{"embeddable":true,"href":"https:\/\/www.alexcrossmusic.com\/es\/wp-json\/wp\/v2\/media\/11101"}],"wp:attachment":[{"href":"https:\/\/www.alexcrossmusic.com\/es\/wp-json\/wp\/v2\/media?parent=12186"}],"wp:term":[{"taxonomy":"product_brand","embeddable":true,"href":"https:\/\/www.alexcrossmusic.com\/es\/wp-json\/wp\/v2\/product_brand?post=12186"},{"taxonomy":"product_cat","embeddable":true,"href":"https:\/\/www.alexcrossmusic.com\/es\/wp-json\/wp\/v2\/product_cat?post=12186"},{"taxonomy":"product_tag","embeddable":true,"href":"https:\/\/www.alexcrossmusic.com\/es\/wp-json\/wp\/v2\/product_tag?post=12186"}],"curies":[{"name":"wp","href":"https:\/\/api.w.org\/{rel}","templated":true}]}}