
{"id":12193,"date":"2024-05-24T17:25:14","date_gmt":"2024-05-24T17:25:14","guid":{"rendered":"https:\/\/www.alexcrossmusic.com\/product\/ac-gorra-vaquera-con-logotipo-blanco\/"},"modified":"2024-05-24T17:25:14","modified_gmt":"2024-05-24T17:25:14","slug":"ac-gorra-vaquera-con-logotipo-blanco","status":"publish","type":"product","link":"https:\/\/www.alexcrossmusic.com\/es\/producto\/ac-gorra-vaquera-con-logotipo-blanco\/","title":{"rendered":"AC \u00ae Gorra vaquera con logotipo blanco"},"content":{"rendered":"<p>\u00a1Complementa tu vestuario diario con este sombrero vaquero te\u00f1ido con pigmentos! Fabricada en algod\u00f3n 100%, la gorra de 6 paneles ofrece un tacto ligero, mientras que la correa ajustable garantiza un ajuste s\u00f3lido y c\u00f3modo.<br \/>\n&#8211; 100% algod\u00f3n<br \/>\n&#8211; Gorra desestructurada de 6 paneles y perfil bajo<br \/>\n&#8211; Corona blanda<br \/>\n&#8211; 6 ojales cosidos <br \/>\n&#8211; 4 filas de costuras visibles en la visera<br \/>\n&#8211; Correa ajustable<br \/>\n&#8211; Per\u00edmetro cef\u00e1lico: 21,65\u2033-25,19\u2033 (55 cm-64 cm)<br \/>\n&#8211; Producto en blanco procedente de China<br \/>\nEste producto se fabrica especialmente para usted en cuanto hace el pedido, por eso tardamos un poco m\u00e1s en entreg\u00e1rselo. Fabricar productos bajo pedido en lugar de a granel ayuda a reducir la sobreproducci\u00f3n, as\u00ed que gracias por tomar decisiones de compra meditadas.<\/p>\n","protected":false},"excerpt":{"rendered":"<p>\u00a1Complementa tu vestuario diario con este sombrero vaquero te\u00f1ido con pigmentos! Fabricada en algod\u00f3n 100%, la gorra de 6 paneles ofrece un tacto ligero, mientras que la correa ajustable garantiza un ajuste s\u00f3lido y c\u00f3modo. &#8211; 100% algod\u00f3n &#8211; Gorra desestructurada de 6 paneles y perfil bajo &#8211; Corona blanda &#8211; 6 ojales cosidos &#8211; [&hellip;]<\/p>\n","protected":false},"featured_media":10554,"comment_status":"open","ping_status":"closed","template":"","meta":{"_et_pb_use_builder":"","_et_pb_old_content":"","_et_gb_content_width":""},"product_brand":[],"product_cat":[100],"product_tag":[],"class_list":{"0":"post-12193","1":"product","2":"type-product","3":"status-publish","4":"has-post-thumbnail","6":"product_cat-accesorios","8":"first","9":"instock","10":"shipping-taxable","11":"purchasable","12":"product-type-variable"},"jetpack_sharing_enabled":true,"_links":{"self":[{"href":"https:\/\/www.alexcrossmusic.com\/es\/wp-json\/wp\/v2\/product\/12193","targetHints":{"allow":["GET"]}}],"collection":[{"href":"https:\/\/www.alexcrossmusic.com\/es\/wp-json\/wp\/v2\/product"}],"about":[{"href":"https:\/\/www.alexcrossmusic.com\/es\/wp-json\/wp\/v2\/types\/product"}],"replies":[{"embeddable":true,"href":"https:\/\/www.alexcrossmusic.com\/es\/wp-json\/wp\/v2\/comments?post=12193"}],"wp:featuredmedia":[{"embeddable":true,"href":"https:\/\/www.alexcrossmusic.com\/es\/wp-json\/wp\/v2\/media\/10554"}],"wp:attachment":[{"href":"https:\/\/www.alexcrossmusic.com\/es\/wp-json\/wp\/v2\/media?parent=12193"}],"wp:term":[{"taxonomy":"product_brand","embeddable":true,"href":"https:\/\/www.alexcrossmusic.com\/es\/wp-json\/wp\/v2\/product_brand?post=12193"},{"taxonomy":"product_cat","embeddable":true,"href":"https:\/\/www.alexcrossmusic.com\/es\/wp-json\/wp\/v2\/product_cat?post=12193"},{"taxonomy":"product_tag","embeddable":true,"href":"https:\/\/www.alexcrossmusic.com\/es\/wp-json\/wp\/v2\/product_tag?post=12193"}],"curies":[{"name":"wp","href":"https:\/\/api.w.org\/{rel}","templated":true}]}}