
{"id":12196,"date":"2024-05-24T17:26:36","date_gmt":"2024-05-24T17:26:36","guid":{"rendered":"https:\/\/www.alexcrossmusic.com\/product\/banador-de-verano-alex-cross-farewell-hombre\/"},"modified":"2024-05-24T17:26:36","modified_gmt":"2024-05-24T17:26:36","slug":"banador-de-verano-alex-cross-farewell-hombre","status":"publish","type":"product","link":"https:\/\/www.alexcrossmusic.com\/es\/producto\/banador-de-verano-alex-cross-farewell-hombre\/","title":{"rendered":"Ba\u00f1ador de verano Alex Cross \u00ae Farewell Hombre"},"content":{"rendered":"<p>Estos ba\u00f1adores tienen todo lo que necesitas para un caluroso d\u00eda de verano: son de secado r\u00e1pido y transpirables, tienen m\u00faltiples bolsillos para tus pertenencias y cuentan con un forro interior sedoso y antirozaduras. \u00a1Consiga el suyo ahora!<br \/>\n&#8211; Composici\u00f3n del tejido: (puede variar un 5%) 91% poli\u00e9ster reciclado, 9% elast\u00e1n<br \/>\n&#8211; Composici\u00f3n del forro: 92% poli\u00e9ster, 8% elast\u00e1n<br \/>\n&#8211; Peso del tejido (puede variar un 5%): 174 g\/m\u00b2 (5,13 oz\/yd\u00b2) <br \/>\n&#8211; Tejido de microfibra repelente al agua el\u00e1stico en cuatro direcciones<br \/>\n&#8211; Forro interior de malla antirozaduras<br \/>\n&#8211; Cintura el\u00e1stica con cord\u00f3n de ajuste<br \/>\n&#8211; Bolsillos de malla<br \/>\n&#8211; Peque\u00f1o bolsillo interior para objetos de valor<br \/>\n&#8211; UPF 50+<\/p>\n","protected":false},"excerpt":{"rendered":"<p>Estos ba\u00f1adores tienen todo lo que necesitas para un caluroso d\u00eda de verano: son de secado r\u00e1pido y transpirables, tienen m\u00faltiples bolsillos para tus pertenencias y cuentan con un forro interior sedoso y antirozaduras. \u00a1Consiga el suyo ahora! &#8211; Composici\u00f3n del tejido: (puede variar un 5%) 91% poli\u00e9ster reciclado, 9% elast\u00e1n &#8211; Composici\u00f3n del forro: [&hellip;]<\/p>\n","protected":false},"featured_media":10579,"comment_status":"open","ping_status":"closed","template":"","meta":{"_et_pb_use_builder":"","_et_pb_old_content":"","_et_gb_content_width":""},"product_brand":[],"product_cat":[100],"product_tag":[],"class_list":{"0":"post-12196","1":"product","2":"type-product","3":"status-publish","4":"has-post-thumbnail","6":"product_cat-accesorios","8":"first","9":"instock","10":"shipping-taxable","11":"purchasable","12":"product-type-variable"},"jetpack_sharing_enabled":true,"_links":{"self":[{"href":"https:\/\/www.alexcrossmusic.com\/es\/wp-json\/wp\/v2\/product\/12196","targetHints":{"allow":["GET"]}}],"collection":[{"href":"https:\/\/www.alexcrossmusic.com\/es\/wp-json\/wp\/v2\/product"}],"about":[{"href":"https:\/\/www.alexcrossmusic.com\/es\/wp-json\/wp\/v2\/types\/product"}],"replies":[{"embeddable":true,"href":"https:\/\/www.alexcrossmusic.com\/es\/wp-json\/wp\/v2\/comments?post=12196"}],"wp:featuredmedia":[{"embeddable":true,"href":"https:\/\/www.alexcrossmusic.com\/es\/wp-json\/wp\/v2\/media\/10579"}],"wp:attachment":[{"href":"https:\/\/www.alexcrossmusic.com\/es\/wp-json\/wp\/v2\/media?parent=12196"}],"wp:term":[{"taxonomy":"product_brand","embeddable":true,"href":"https:\/\/www.alexcrossmusic.com\/es\/wp-json\/wp\/v2\/product_brand?post=12196"},{"taxonomy":"product_cat","embeddable":true,"href":"https:\/\/www.alexcrossmusic.com\/es\/wp-json\/wp\/v2\/product_cat?post=12196"},{"taxonomy":"product_tag","embeddable":true,"href":"https:\/\/www.alexcrossmusic.com\/es\/wp-json\/wp\/v2\/product_tag?post=12196"}],"curies":[{"name":"wp","href":"https:\/\/api.w.org\/{rel}","templated":true}]}}