
{"id":12211,"date":"2024-05-23T08:16:11","date_gmt":"2024-05-23T08:16:11","guid":{"rendered":"https:\/\/www.alexcrossmusic.com\/product\/ac-camiseta-de-algodon-premium-para-hombre\/"},"modified":"2024-05-23T08:16:11","modified_gmt":"2024-05-23T08:16:11","slug":"ac-camiseta-de-algodon-premium-para-hombre","status":"publish","type":"product","link":"https:\/\/www.alexcrossmusic.com\/es\/producto\/ac-camiseta-de-algodon-premium-para-hombre\/","title":{"rendered":"AC\u00ae Camiseta de algod\u00f3n premium para hombre"},"content":{"rendered":"<p>\u00bfTe has preguntado alguna vez c\u00f3mo es el verdadero lujo? Reg\u00e1late una camiseta exclusiva fabricada con el algod\u00f3n de mayor calidad, m\u00e1s suave y el doble de duradero que el algod\u00f3n normal. La camiseta tiene un corte cl\u00e1sico y regular, y ser\u00e1 una base estupenda para cualquier conjunto elegante o informal.<br \/>\n&#8211; 100% algod\u00f3n<br \/>\n&#8211; Peso del tejido: 200 g\/m\u00b2 (5,89 oz\/yd\u00b2)  <br \/>\n&#8211; Corte normal<br \/>\n&#8211; Cuello redondo<br \/>\n&#8211; Resistente a las pastillas<br \/>\n&#8211; Mejor retenci\u00f3n del color tras los lavados que el algod\u00f3n normal<br \/>\n&#8211; Producto en blanco procedente de Letonia<br \/>\nEste producto se fabrica especialmente para usted en cuanto hace el pedido, por eso tardamos un poco m\u00e1s en entreg\u00e1rselo. Fabricar productos bajo pedido en lugar de a granel ayuda a reducir la sobreproducci\u00f3n, as\u00ed que gracias por tomar decisiones de compra meditadas.<\/p>\n","protected":false},"excerpt":{"rendered":"<p>\u00bfTe has preguntado alguna vez c\u00f3mo es el verdadero lujo? Reg\u00e1late una camiseta exclusiva fabricada con el algod\u00f3n de mayor calidad, m\u00e1s suave y el doble de duradero que el algod\u00f3n normal. La camiseta tiene un corte cl\u00e1sico y regular, y ser\u00e1 una base estupenda para cualquier conjunto elegante o informal. &#8211; 100% algod\u00f3n &#8211; [&hellip;]<\/p>\n","protected":false},"featured_media":11542,"comment_status":"open","ping_status":"closed","template":"","meta":{"_et_pb_use_builder":"","_et_pb_old_content":"","_et_gb_content_width":""},"product_brand":[],"product_cat":[106],"product_tag":[],"class_list":{"0":"post-12211","1":"product","2":"type-product","3":"status-publish","4":"has-post-thumbnail","6":"product_cat-hombres","8":"first","9":"instock","10":"shipping-taxable","11":"purchasable","12":"product-type-variable"},"jetpack_sharing_enabled":true,"_links":{"self":[{"href":"https:\/\/www.alexcrossmusic.com\/es\/wp-json\/wp\/v2\/product\/12211","targetHints":{"allow":["GET"]}}],"collection":[{"href":"https:\/\/www.alexcrossmusic.com\/es\/wp-json\/wp\/v2\/product"}],"about":[{"href":"https:\/\/www.alexcrossmusic.com\/es\/wp-json\/wp\/v2\/types\/product"}],"replies":[{"embeddable":true,"href":"https:\/\/www.alexcrossmusic.com\/es\/wp-json\/wp\/v2\/comments?post=12211"}],"wp:featuredmedia":[{"embeddable":true,"href":"https:\/\/www.alexcrossmusic.com\/es\/wp-json\/wp\/v2\/media\/11542"}],"wp:attachment":[{"href":"https:\/\/www.alexcrossmusic.com\/es\/wp-json\/wp\/v2\/media?parent=12211"}],"wp:term":[{"taxonomy":"product_brand","embeddable":true,"href":"https:\/\/www.alexcrossmusic.com\/es\/wp-json\/wp\/v2\/product_brand?post=12211"},{"taxonomy":"product_cat","embeddable":true,"href":"https:\/\/www.alexcrossmusic.com\/es\/wp-json\/wp\/v2\/product_cat?post=12211"},{"taxonomy":"product_tag","embeddable":true,"href":"https:\/\/www.alexcrossmusic.com\/es\/wp-json\/wp\/v2\/product_tag?post=12211"}],"curies":[{"name":"wp","href":"https:\/\/api.w.org\/{rel}","templated":true}]}}