
{"id":12222,"date":"2024-02-24T21:28:48","date_gmt":"2024-02-24T21:28:48","guid":{"rendered":"https:\/\/www.alexcrossmusic.com\/product\/sudadera-unisex-alex-cross-despedida\/"},"modified":"2024-02-24T21:28:48","modified_gmt":"2024-02-24T21:28:48","slug":"sudadera-unisex-alex-cross-despedida","status":"publish","type":"product","link":"https:\/\/www.alexcrossmusic.com\/es\/producto\/sudadera-unisex-alex-cross-despedida\/","title":{"rendered":"Sudadera Unisex Alex Cross \u00ae Despedida"},"content":{"rendered":"<p>Cada sudadera \u00fanica con estampado integral se corta con precisi\u00f3n y se cose a mano para conseguir el mejor aspecto posible y resaltar el intrincado dise\u00f1o. Adem\u00e1s, su tejido duradero con una cara de tacto de algod\u00f3n y un suave forro polar cepillado en el interior hace que esta sudadera se convierta en tu favorita durante mucho tiempo.<br \/>\n&#8211; 95% poli\u00e9ster reciclado, 5% elast\u00e1n<br \/>\n&#8211; Peso del tejido (puede variar un 5%): 308 g\/m\u00b2 (9,08 oz.\/yd.\u00b2)<br \/>\n&#8211; Cara suave con tacto de algod\u00f3n<br \/>\n&#8211; Tejido polar cepillado en el interior<br \/>\n&#8211; Corte unisex<br \/>\n&#8211; Costuras Overlock<br \/>\n&#8211; Componentes en blanco procedentes de China<br \/>\nEste producto se fabrica especialmente para usted en cuanto hace el pedido, por eso tardamos un poco m\u00e1s en entreg\u00e1rselo. Fabricar productos bajo pedido en lugar de a granel ayuda a reducir la sobreproducci\u00f3n, as\u00ed que gracias por tomar decisiones de compra meditadas.<\/p>\n","protected":false},"excerpt":{"rendered":"<p>Cada sudadera \u00fanica con estampado integral se corta con precisi\u00f3n y se cose a mano para conseguir el mejor aspecto posible y resaltar el intrincado dise\u00f1o. Adem\u00e1s, su tejido duradero con una cara de tacto de algod\u00f3n y un suave forro polar cepillado en el interior hace que esta sudadera se convierta en tu favorita [&hellip;]<\/p>\n","protected":false},"featured_media":9541,"comment_status":"open","ping_status":"closed","template":"","meta":{"_et_pb_use_builder":"","_et_pb_old_content":"","_et_gb_content_width":""},"product_brand":[],"product_cat":[100],"product_tag":[],"class_list":{"0":"post-12222","1":"product","2":"type-product","3":"status-publish","4":"has-post-thumbnail","6":"product_cat-accesorios","8":"first","9":"instock","10":"shipping-taxable","11":"purchasable","12":"product-type-variable"},"jetpack_sharing_enabled":true,"_links":{"self":[{"href":"https:\/\/www.alexcrossmusic.com\/es\/wp-json\/wp\/v2\/product\/12222","targetHints":{"allow":["GET"]}}],"collection":[{"href":"https:\/\/www.alexcrossmusic.com\/es\/wp-json\/wp\/v2\/product"}],"about":[{"href":"https:\/\/www.alexcrossmusic.com\/es\/wp-json\/wp\/v2\/types\/product"}],"replies":[{"embeddable":true,"href":"https:\/\/www.alexcrossmusic.com\/es\/wp-json\/wp\/v2\/comments?post=12222"}],"wp:featuredmedia":[{"embeddable":true,"href":"https:\/\/www.alexcrossmusic.com\/es\/wp-json\/wp\/v2\/media\/9541"}],"wp:attachment":[{"href":"https:\/\/www.alexcrossmusic.com\/es\/wp-json\/wp\/v2\/media?parent=12222"}],"wp:term":[{"taxonomy":"product_brand","embeddable":true,"href":"https:\/\/www.alexcrossmusic.com\/es\/wp-json\/wp\/v2\/product_brand?post=12222"},{"taxonomy":"product_cat","embeddable":true,"href":"https:\/\/www.alexcrossmusic.com\/es\/wp-json\/wp\/v2\/product_cat?post=12222"},{"taxonomy":"product_tag","embeddable":true,"href":"https:\/\/www.alexcrossmusic.com\/es\/wp-json\/wp\/v2\/product_tag?post=12222"}],"curies":[{"name":"wp","href":"https:\/\/api.w.org\/{rel}","templated":true}]}}