
{"id":12230,"date":"2024-05-22T22:25:00","date_gmt":"2024-05-22T22:25:00","guid":{"rendered":"https:\/\/www.alexcrossmusic.com\/product\/ac-sombrero-blanco\/"},"modified":"2024-05-22T22:25:00","modified_gmt":"2024-05-22T22:25:00","slug":"ac-sombrero-blanco","status":"publish","type":"product","link":"https:\/\/www.alexcrossmusic.com\/es\/producto\/ac-sombrero-blanco\/","title":{"rendered":"AC \u00ae sombrero blanco"},"content":{"rendered":"<p>Los sombreros de pap\u00e1 no son s\u00f3lo para los padres. Este tiene un perfil bajo con correa ajustable y visera curvada.<br \/>\n&#8211; 100% sarga de algod\u00f3n chino<br \/>\n&#8211; El color verde Camo es 35% sarga de algod\u00f3n chino, 65% poli\u00e9ster<br \/>\n&#8211; Sin estructura, 6 paneles, perfil bajo<br \/>\n&#8211; 6 ojales bordados<br \/>\n&#8211; Corona de 7,6 cm (3 \u215b\u00bb)<br \/>\n&#8211; Correa ajustable con hebilla antigua<br \/>\n&#8211; Producto en blanco procedente de Vietnam o Bangladesh<br \/>\nEste producto se fabrica especialmente para usted en cuanto hace el pedido, por eso tardamos un poco m\u00e1s en entreg\u00e1rselo. Fabricar productos bajo pedido en lugar de a granel ayuda a reducir la sobreproducci\u00f3n, as\u00ed que gracias por tomar decisiones de compra meditadas.<\/p>\n","protected":false},"excerpt":{"rendered":"<p>Los sombreros de pap\u00e1 no son s\u00f3lo para los padres. Este tiene un perfil bajo con correa ajustable y visera curvada. &#8211; 100% sarga de algod\u00f3n chino &#8211; El color verde Camo es 35% sarga de algod\u00f3n chino, 65% poli\u00e9ster &#8211; Sin estructura, 6 paneles, perfil bajo &#8211; 6 ojales bordados &#8211; Corona de 7,6 [&hellip;]<\/p>\n","protected":false},"featured_media":10005,"comment_status":"open","ping_status":"closed","template":"","meta":{"_et_pb_use_builder":"","_et_pb_old_content":"","_et_gb_content_width":""},"product_brand":[],"product_cat":[100],"product_tag":[],"class_list":{"0":"post-12230","1":"product","2":"type-product","3":"status-publish","4":"has-post-thumbnail","6":"product_cat-accesorios","8":"first","9":"instock","10":"shipping-taxable","11":"purchasable","12":"product-type-simple"},"jetpack_sharing_enabled":true,"_links":{"self":[{"href":"https:\/\/www.alexcrossmusic.com\/es\/wp-json\/wp\/v2\/product\/12230","targetHints":{"allow":["GET"]}}],"collection":[{"href":"https:\/\/www.alexcrossmusic.com\/es\/wp-json\/wp\/v2\/product"}],"about":[{"href":"https:\/\/www.alexcrossmusic.com\/es\/wp-json\/wp\/v2\/types\/product"}],"replies":[{"embeddable":true,"href":"https:\/\/www.alexcrossmusic.com\/es\/wp-json\/wp\/v2\/comments?post=12230"}],"wp:featuredmedia":[{"embeddable":true,"href":"https:\/\/www.alexcrossmusic.com\/es\/wp-json\/wp\/v2\/media\/10005"}],"wp:attachment":[{"href":"https:\/\/www.alexcrossmusic.com\/es\/wp-json\/wp\/v2\/media?parent=12230"}],"wp:term":[{"taxonomy":"product_brand","embeddable":true,"href":"https:\/\/www.alexcrossmusic.com\/es\/wp-json\/wp\/v2\/product_brand?post=12230"},{"taxonomy":"product_cat","embeddable":true,"href":"https:\/\/www.alexcrossmusic.com\/es\/wp-json\/wp\/v2\/product_cat?post=12230"},{"taxonomy":"product_tag","embeddable":true,"href":"https:\/\/www.alexcrossmusic.com\/es\/wp-json\/wp\/v2\/product_tag?post=12230"}],"curies":[{"name":"wp","href":"https:\/\/api.w.org\/{rel}","templated":true}]}}