
{"id":12231,"date":"2024-01-29T17:18:16","date_gmt":"2024-01-29T17:18:16","guid":{"rendered":"https:\/\/www.alexcrossmusic.com\/product\/sudadera-con-capucha-unisex-ac-gold-logo\/"},"modified":"2024-01-29T17:18:16","modified_gmt":"2024-01-29T17:18:16","slug":"sudadera-con-capucha-unisex-ac-gold-logo","status":"publish","type":"product","link":"https:\/\/www.alexcrossmusic.com\/es\/producto\/sudadera-con-capucha-unisex-ac-gold-logo\/","title":{"rendered":"Sudadera con capucha unisex AC\u00ae Gold Logo"},"content":{"rendered":"<p>Qui\u00e9n iba a decir que la sudadera con capucha m\u00e1s suave que jam\u00e1s tendr\u00e1s tendr\u00eda un dise\u00f1o tan chulo. No te arrepentir\u00e1s de comprar esta prenda de calle cl\u00e1sica con un pr\u00e1ctico bolsillo y una c\u00e1lida capucha para las noches fr\u00edas.<br \/>\n&#8211; Cara 100% algod\u00f3n<br \/>\n&#8211; 65% algod\u00f3n hilado en anillos, 35% poli\u00e9ster<br \/>\n&#8211; Bolsillo frontal<br \/>\n&#8211; Parche de tela en la espalda<br \/>\n&#8211; Cordones planos a juego<br \/>\n&#8211; Capucha de 3 paneles<br \/>\n&#8211; Producto en blanco procedente de Pakist\u00e1n<br \/>\nEste producto se fabrica especialmente para usted en cuanto hace el pedido, por eso tardamos un poco m\u00e1s en entreg\u00e1rselo. Fabricar productos bajo pedido en lugar de a granel ayuda a reducir la sobreproducci\u00f3n, as\u00ed que gracias por tomar decisiones de compra meditadas.<\/p>\n","protected":false},"excerpt":{"rendered":"<p>Qui\u00e9n iba a decir que la sudadera con capucha m\u00e1s suave que jam\u00e1s tendr\u00e1s tendr\u00eda un dise\u00f1o tan chulo. No te arrepentir\u00e1s de comprar esta prenda de calle cl\u00e1sica con un pr\u00e1ctico bolsillo y una c\u00e1lida capucha para las noches fr\u00edas. &#8211; Cara 100% algod\u00f3n &#8211; 65% algod\u00f3n hilado en anillos, 35% poli\u00e9ster &#8211; Bolsillo [&hellip;]<\/p>\n","protected":false},"featured_media":9125,"comment_status":"open","ping_status":"closed","template":"","meta":{"_et_pb_use_builder":"","_et_pb_old_content":"","_et_gb_content_width":""},"product_brand":[],"product_cat":[100],"product_tag":[],"class_list":{"0":"post-12231","1":"product","2":"type-product","3":"status-publish","4":"has-post-thumbnail","6":"product_cat-accesorios","8":"first","9":"instock","10":"shipping-taxable","11":"purchasable","12":"product-type-variable"},"jetpack_sharing_enabled":true,"_links":{"self":[{"href":"https:\/\/www.alexcrossmusic.com\/es\/wp-json\/wp\/v2\/product\/12231","targetHints":{"allow":["GET"]}}],"collection":[{"href":"https:\/\/www.alexcrossmusic.com\/es\/wp-json\/wp\/v2\/product"}],"about":[{"href":"https:\/\/www.alexcrossmusic.com\/es\/wp-json\/wp\/v2\/types\/product"}],"replies":[{"embeddable":true,"href":"https:\/\/www.alexcrossmusic.com\/es\/wp-json\/wp\/v2\/comments?post=12231"}],"wp:featuredmedia":[{"embeddable":true,"href":"https:\/\/www.alexcrossmusic.com\/es\/wp-json\/wp\/v2\/media\/9125"}],"wp:attachment":[{"href":"https:\/\/www.alexcrossmusic.com\/es\/wp-json\/wp\/v2\/media?parent=12231"}],"wp:term":[{"taxonomy":"product_brand","embeddable":true,"href":"https:\/\/www.alexcrossmusic.com\/es\/wp-json\/wp\/v2\/product_brand?post=12231"},{"taxonomy":"product_cat","embeddable":true,"href":"https:\/\/www.alexcrossmusic.com\/es\/wp-json\/wp\/v2\/product_cat?post=12231"},{"taxonomy":"product_tag","embeddable":true,"href":"https:\/\/www.alexcrossmusic.com\/es\/wp-json\/wp\/v2\/product_tag?post=12231"}],"curies":[{"name":"wp","href":"https:\/\/api.w.org\/{rel}","templated":true}]}}