
{"id":12311,"date":"2023-12-20T18:28:13","date_gmt":"2023-12-20T18:28:13","guid":{"rendered":"https:\/\/www.alexcrossmusic.com\/product\/gorro-bordado-logo-negro-ac\/"},"modified":"2023-12-20T18:28:13","modified_gmt":"2023-12-20T18:28:13","slug":"gorro-bordado-logo-negro-ac","status":"publish","type":"product","link":"https:\/\/www.alexcrossmusic.com\/es\/producto\/gorro-bordado-logo-negro-ac\/","title":{"rendered":"Gorro Bordado Logo Negro AC \u00ae"},"content":{"rendered":"<p>\u00a1Ha llegado el gorro perfecto! Esta belleza bordada tiene un ajuste ce\u00f1ido que garantiza que te sentir\u00e1s c\u00f3modo y abrigado hagas lo que hagas.<br \/>\n&#8211; 60% algod\u00f3n, 40% acr\u00edlico<br \/>\n&#8211; Mezcla de algod\u00f3n transpirable<br \/>\n&#8211; Forma ajustada<br \/>\n&#8211; Talla \u00fanica<br \/>\nEste producto se fabrica especialmente para usted en cuanto hace el pedido, por eso tardamos un poco m\u00e1s en entreg\u00e1rselo. Fabricar productos bajo pedido en lugar de a granel ayuda a reducir la sobreproducci\u00f3n, as\u00ed que gracias por tomar decisiones de compra meditadas.<\/p>\n","protected":false},"excerpt":{"rendered":"<p>\u00a1Ha llegado el gorro perfecto! Esta belleza bordada tiene un ajuste ce\u00f1ido que garantiza que te sentir\u00e1s c\u00f3modo y abrigado hagas lo que hagas. &#8211; 60% algod\u00f3n, 40% acr\u00edlico &#8211; Mezcla de algod\u00f3n transpirable &#8211; Forma ajustada &#8211; Talla \u00fanica Este producto se fabrica especialmente para usted en cuanto hace el pedido, por eso tardamos [&hellip;]<\/p>\n","protected":false},"featured_media":8860,"comment_status":"open","ping_status":"closed","template":"","meta":{"_et_pb_use_builder":"","_et_pb_old_content":"","_et_gb_content_width":""},"product_brand":[],"product_cat":[100],"product_tag":[],"class_list":{"0":"post-12311","1":"product","2":"type-product","3":"status-publish","4":"has-post-thumbnail","6":"product_cat-accesorios","8":"first","9":"instock","10":"shipping-taxable","11":"purchasable","12":"product-type-variable"},"jetpack_sharing_enabled":true,"_links":{"self":[{"href":"https:\/\/www.alexcrossmusic.com\/es\/wp-json\/wp\/v2\/product\/12311","targetHints":{"allow":["GET"]}}],"collection":[{"href":"https:\/\/www.alexcrossmusic.com\/es\/wp-json\/wp\/v2\/product"}],"about":[{"href":"https:\/\/www.alexcrossmusic.com\/es\/wp-json\/wp\/v2\/types\/product"}],"replies":[{"embeddable":true,"href":"https:\/\/www.alexcrossmusic.com\/es\/wp-json\/wp\/v2\/comments?post=12311"}],"wp:featuredmedia":[{"embeddable":true,"href":"https:\/\/www.alexcrossmusic.com\/es\/wp-json\/wp\/v2\/media\/8860"}],"wp:attachment":[{"href":"https:\/\/www.alexcrossmusic.com\/es\/wp-json\/wp\/v2\/media?parent=12311"}],"wp:term":[{"taxonomy":"product_brand","embeddable":true,"href":"https:\/\/www.alexcrossmusic.com\/es\/wp-json\/wp\/v2\/product_brand?post=12311"},{"taxonomy":"product_cat","embeddable":true,"href":"https:\/\/www.alexcrossmusic.com\/es\/wp-json\/wp\/v2\/product_cat?post=12311"},{"taxonomy":"product_tag","embeddable":true,"href":"https:\/\/www.alexcrossmusic.com\/es\/wp-json\/wp\/v2\/product_tag?post=12311"}],"curies":[{"name":"wp","href":"https:\/\/api.w.org\/{rel}","templated":true}]}}