
{"id":1326,"date":"2023-06-09T08:26:33","date_gmt":"2023-06-09T08:26:33","guid":{"rendered":"https:\/\/www.alexcrossmusic.com\/product\/sujetador-deportivo-acolchado\/"},"modified":"2023-06-09T08:26:33","modified_gmt":"2023-06-09T08:26:33","slug":"sujetador-deportivo-acolchado-2","status":"publish","type":"product","link":"https:\/\/www.alexcrossmusic.com\/es\/producto\/sujetador-deportivo-acolchado-2\/","title":{"rendered":"Sujetador deportivo acolchado"},"content":{"rendered":"<p>Consigue el sujetador perfecto para tus entrenamientos Este c\u00f3modo sujetador tiene un suave tejido que absorbe la humedad, materiales adicionales en los tirantes y relleno extra\u00edble para una sujeci\u00f3n m\u00e1xima.<\/p>\n<p>&#8211; 82% poli\u00e9ster, 18% elastano<br \/>\n&#8211; Peso del tejido: 230 g\/m\u00b2 (6,78 oz\/yd\u00b2), el peso puede variar en un 5%.<br \/>\n&#8211; Forro de malla deportiva: 92% poli\u00e9ster, 8% elast\u00e1n<br \/>\n&#8211; Acolchado: Espuma perforada de poliuretano 100% y tejido que absorbe la humedad de poli\u00e9ster 100%.<br \/>\n&#8211; Material el\u00e1stico en cuatro direcciones<br \/>\n&#8211; Escote redondo y espalda deportiva<br \/>\n&#8211; Material de sujeci\u00f3n en los tirantes y un el\u00e1stico ancho bajo los pechos<br \/>\n&#8211; Lo mejor para copas A-C<br \/>\n&#8211; Acolchado extra\u00edble incluido<br \/>\n&#8211; Forro de malla con aberturas para extraer los acolchados<br \/>\n&#8211; Costuras planas y ribete al bies que eliminan los roces<br \/>\n&#8211; Componentes de productos en blanco en la UE procedentes de China, Lituania y Taiw\u00e1n<br \/>\n&#8211; Componentes de productos en blanco en EE.UU. procedentes de China y Taiw\u00e1n<\/p>\n","protected":false},"excerpt":{"rendered":"<p>Consigue el sujetador perfecto para tus entrenamientos Este c\u00f3modo sujetador tiene un suave tejido que absorbe la humedad, materiales adicionales en los tirantes y relleno extra\u00edble para una sujeci\u00f3n m\u00e1xima. &#8211; 82% poli\u00e9ster, 18% elastano &#8211; Peso del tejido: 230 g\/m\u00b2 (6,78 oz\/yd\u00b2), el peso puede variar en un 5%. &#8211; Forro de malla deportiva: [&hellip;]<\/p>\n","protected":false},"featured_media":928,"comment_status":"open","ping_status":"closed","template":"","meta":{"_et_pb_use_builder":"","_et_pb_old_content":"","_et_gb_content_width":""},"product_brand":[],"product_cat":[99],"product_tag":[],"class_list":{"0":"post-1326","1":"product","2":"type-product","3":"status-publish","4":"has-post-thumbnail","6":"product_cat-mujeres","8":"first","9":"instock","10":"shipping-taxable","11":"purchasable","12":"product-type-variable"},"jetpack_sharing_enabled":true,"_links":{"self":[{"href":"https:\/\/www.alexcrossmusic.com\/es\/wp-json\/wp\/v2\/product\/1326","targetHints":{"allow":["GET"]}}],"collection":[{"href":"https:\/\/www.alexcrossmusic.com\/es\/wp-json\/wp\/v2\/product"}],"about":[{"href":"https:\/\/www.alexcrossmusic.com\/es\/wp-json\/wp\/v2\/types\/product"}],"replies":[{"embeddable":true,"href":"https:\/\/www.alexcrossmusic.com\/es\/wp-json\/wp\/v2\/comments?post=1326"}],"wp:featuredmedia":[{"embeddable":true,"href":"https:\/\/www.alexcrossmusic.com\/es\/wp-json\/wp\/v2\/media\/928"}],"wp:attachment":[{"href":"https:\/\/www.alexcrossmusic.com\/es\/wp-json\/wp\/v2\/media?parent=1326"}],"wp:term":[{"taxonomy":"product_brand","embeddable":true,"href":"https:\/\/www.alexcrossmusic.com\/es\/wp-json\/wp\/v2\/product_brand?post=1326"},{"taxonomy":"product_cat","embeddable":true,"href":"https:\/\/www.alexcrossmusic.com\/es\/wp-json\/wp\/v2\/product_cat?post=1326"},{"taxonomy":"product_tag","embeddable":true,"href":"https:\/\/www.alexcrossmusic.com\/es\/wp-json\/wp\/v2\/product_tag?post=1326"}],"curies":[{"name":"wp","href":"https:\/\/api.w.org\/{rel}","templated":true}]}}