
{"id":8067,"date":"2023-11-13T22:15:09","date_gmt":"2023-11-13T22:15:09","guid":{"rendered":"https:\/\/www.alexcrossmusic.com\/product\/la-mejor-mochila-para-corredores\/"},"modified":"2024-06-19T15:53:16","modified_gmt":"2024-06-19T15:53:16","slug":"la-mejor-mochila-para-corredores","status":"publish","type":"product","link":"https:\/\/www.alexcrossmusic.com\/es\/producto\/la-mejor-mochila-para-corredores\/","title":{"rendered":"Mochila Alex Cross \u00ae El mejor corredor"},"content":{"rendered":"<p>Si sientes que llevas la mitad de tus pertenencias siempre contigo, \u00a1esta mochila es para ti! Tiene un espacioso compartimento interior (con un bolsillo para el port\u00e1til) y un bolsillo trasero oculto para guardar tus objetos m\u00e1s valiosos.<br \/>\n&#8211; 100% poli\u00e9ster<br \/>\n&#8211; Peso del tejido: 325 g\/m\u00b2 (9,56 oz\/yd\u00b2), el peso puede variar en un 5%.<br \/>\n&#8211; Dimensiones: 16,1\u2033 (41 cm) de alto, 12,2\u2033 (31 cm) de ancho y 5,5\u2033 (14 cm) de di\u00e1metro.<br \/>\n&#8211; Capacidad: 20 l (5,3 galones)<br \/>\n&#8211; Peso m\u00e1ximo: 20 kg (44 lbs)<br \/>\n&#8211; Material impermeable<br \/>\n&#8211; Gran bolsillo interior con un bolsillo independiente para un port\u00e1til de 15&#8243;, un bolsillo oculto con cremallera en la parte trasera de la bolsa<br \/>\n&#8211; La cremallera superior tiene 2 deslizadores, y hay tiradores de cremallera fijados a cada deslizador<br \/>\n&#8211; Forro sedoso, dobladillo interior ribeteado y suave malla en la espalda<br \/>\n&#8211; Correas ergon\u00f3micas acolchadas de poli\u00e9ster con reguladores de pl\u00e1stico para las correas<br \/>\n&#8211; Componentes de productos en blanco procedentes de China<\/p>\n","protected":false},"excerpt":{"rendered":"<p>Si sientes que llevas la mitad de tus pertenencias siempre contigo, \u00a1esta mochila es para ti! Tiene un espacioso compartimento interior (con un bolsillo para el port\u00e1til) y un bolsillo trasero oculto para guardar tus objetos m\u00e1s valiosos. &#8211; 100% poli\u00e9ster &#8211; Peso del tejido: 325 g\/m\u00b2 (9,56 oz\/yd\u00b2), el peso puede variar en un [&hellip;]<\/p>\n","protected":false},"featured_media":8035,"comment_status":"open","ping_status":"closed","template":"","meta":{"_et_pb_use_builder":"","_et_pb_old_content":"","_et_gb_content_width":""},"product_brand":[],"product_cat":[100,178],"product_tag":[],"class_list":{"0":"post-8067","1":"product","2":"type-product","3":"status-publish","4":"has-post-thumbnail","6":"product_cat-accesorios","7":"product_cat-mochilas","9":"first","10":"instock","11":"shipping-taxable","12":"purchasable","13":"product-type-simple"},"jetpack_sharing_enabled":true,"_links":{"self":[{"href":"https:\/\/www.alexcrossmusic.com\/es\/wp-json\/wp\/v2\/product\/8067","targetHints":{"allow":["GET"]}}],"collection":[{"href":"https:\/\/www.alexcrossmusic.com\/es\/wp-json\/wp\/v2\/product"}],"about":[{"href":"https:\/\/www.alexcrossmusic.com\/es\/wp-json\/wp\/v2\/types\/product"}],"replies":[{"embeddable":true,"href":"https:\/\/www.alexcrossmusic.com\/es\/wp-json\/wp\/v2\/comments?post=8067"}],"wp:featuredmedia":[{"embeddable":true,"href":"https:\/\/www.alexcrossmusic.com\/es\/wp-json\/wp\/v2\/media\/8035"}],"wp:attachment":[{"href":"https:\/\/www.alexcrossmusic.com\/es\/wp-json\/wp\/v2\/media?parent=8067"}],"wp:term":[{"taxonomy":"product_brand","embeddable":true,"href":"https:\/\/www.alexcrossmusic.com\/es\/wp-json\/wp\/v2\/product_brand?post=8067"},{"taxonomy":"product_cat","embeddable":true,"href":"https:\/\/www.alexcrossmusic.com\/es\/wp-json\/wp\/v2\/product_cat?post=8067"},{"taxonomy":"product_tag","embeddable":true,"href":"https:\/\/www.alexcrossmusic.com\/es\/wp-json\/wp\/v2\/product_tag?post=8067"}],"curies":[{"name":"wp","href":"https:\/\/api.w.org\/{rel}","templated":true}]}}