
{"id":8112,"date":"2023-11-13T21:37:13","date_gmt":"2023-11-13T21:37:13","guid":{"rendered":"https:\/\/www.alexcrossmusic.com\/product\/zapatillas-altas-de-lona-para-hombre-v2\/"},"modified":"2024-06-19T15:54:24","modified_gmt":"2024-06-19T15:54:24","slug":"zapatillas-altas-de-lona-para-hombre-v2","status":"publish","type":"product","link":"https:\/\/www.alexcrossmusic.com\/es\/producto\/zapatillas-altas-de-lona-para-hombre-v2\/","title":{"rendered":"Alex Cross \u00ae Lands of Tomorrow Lona alta para hombre"},"content":{"rendered":"<p>Intensifica tu juego de calzado con las zapatillas de lona High Top. Estos zapatos hechos a mano y a la \u00faltima seguro que le dan un toque especial a tu atuendo. \u00a1Consiga el suyo ahora!<br \/>\n&#8211; 100% poli\u00e9ster, parte superior de lona<br \/>\n&#8211; Suela de goma de etilvinilacetato (EVA)<br \/>\n&#8211; Forro transpirable, plantilla blanda<br \/>\n&#8211; Puntera de piel sint\u00e9tica<br \/>\n&#8211; Cuello acolchado, parte delantera con cordones<br \/>\n&#8211; Producto en blanco procedente de China<br \/>\nImportante: Este producto est\u00e1 disponible en los siguientes pa\u00edses: Alemania, Estados Unidos, Canad\u00e1, Australia, Reino Unido, Nueva Zelanda, Jap\u00f3n, Austria, Andorra, B\u00e9lgica, Bulgaria, Croacia, Dinamarca, Eslovaquia, Eslovenia, Espa\u00f1a, Estonia, Finlandia, Francia, Grecia, Hungr\u00eda, Irlanda, Islandia, Italia, Letonia, Lituania, Liechtenstein, Luxemburgo, Malta, M\u00f3naco, Noruega, Pa\u00edses Bajos, Polonia, Portugal, Rep\u00fablica Checa, San Marino, Santa Sede (Ciudad del Vaticano), Suiza, Suecia y Turqu\u00eda. Si su direcci\u00f3n de env\u00edo se encuentra fuera de estos pa\u00edses, elija otro producto.<br \/>\nDescargo de responsabilidad: Los zapatos tendr\u00e1n un olor parecido al pegamento al abrir la caja. El olor desaparecer\u00e1 unos d\u00edas despu\u00e9s de desembalar los zapatos.<\/p>\n","protected":false},"excerpt":{"rendered":"<p>Intensifica tu juego de calzado con las zapatillas de lona High Top. Estos zapatos hechos a mano y a la \u00faltima seguro que le dan un toque especial a tu atuendo. \u00a1Consiga el suyo ahora! &#8211; 100% poli\u00e9ster, parte superior de lona &#8211; Suela de goma de etilvinilacetato (EVA) &#8211; Forro transpirable, plantilla blanda &#8211; [&hellip;]<\/p>\n","protected":false},"featured_media":7942,"comment_status":"open","ping_status":"closed","template":"","meta":{"_et_pb_use_builder":"","_et_pb_old_content":"","_et_gb_content_width":""},"product_brand":[],"product_cat":[100,106],"product_tag":[],"class_list":{"0":"post-8112","1":"product","2":"type-product","3":"status-publish","4":"has-post-thumbnail","6":"product_cat-accesorios","7":"product_cat-hombres","9":"first","10":"instock","11":"shipping-taxable","12":"purchasable","13":"product-type-variable"},"jetpack_sharing_enabled":true,"_links":{"self":[{"href":"https:\/\/www.alexcrossmusic.com\/es\/wp-json\/wp\/v2\/product\/8112","targetHints":{"allow":["GET"]}}],"collection":[{"href":"https:\/\/www.alexcrossmusic.com\/es\/wp-json\/wp\/v2\/product"}],"about":[{"href":"https:\/\/www.alexcrossmusic.com\/es\/wp-json\/wp\/v2\/types\/product"}],"replies":[{"embeddable":true,"href":"https:\/\/www.alexcrossmusic.com\/es\/wp-json\/wp\/v2\/comments?post=8112"}],"wp:featuredmedia":[{"embeddable":true,"href":"https:\/\/www.alexcrossmusic.com\/es\/wp-json\/wp\/v2\/media\/7942"}],"wp:attachment":[{"href":"https:\/\/www.alexcrossmusic.com\/es\/wp-json\/wp\/v2\/media?parent=8112"}],"wp:term":[{"taxonomy":"product_brand","embeddable":true,"href":"https:\/\/www.alexcrossmusic.com\/es\/wp-json\/wp\/v2\/product_brand?post=8112"},{"taxonomy":"product_cat","embeddable":true,"href":"https:\/\/www.alexcrossmusic.com\/es\/wp-json\/wp\/v2\/product_cat?post=8112"},{"taxonomy":"product_tag","embeddable":true,"href":"https:\/\/www.alexcrossmusic.com\/es\/wp-json\/wp\/v2\/product_tag?post=8112"}],"curies":[{"name":"wp","href":"https:\/\/api.w.org\/{rel}","templated":true}]}}