
{"id":8208,"date":"2023-11-13T19:55:00","date_gmt":"2023-11-13T19:55:00","guid":{"rendered":"https:\/\/www.alexcrossmusic.com\/product\/gorra-vintage-de-sarga-de-algodon\/"},"modified":"2023-11-13T19:55:00","modified_gmt":"2023-11-13T19:55:00","slug":"gorra-vintage-de-sarga-de-algodon","status":"publish","type":"product","link":"https:\/\/www.alexcrossmusic.com\/es\/producto\/gorra-vintage-de-sarga-de-algodon\/","title":{"rendered":"Gorra vintage de sarga de algod\u00f3n"},"content":{"rendered":"<p>Todo el mundo sabe que las gorras de pap\u00e1 ya no son s\u00f3lo para los pap\u00e1s, as\u00ed que hazte con una gorra de sarga de algod\u00f3n bordada para ti. Este es realmente especial gracias a los intrincados detalles del bordado y al aire vintage deslavado.<\/p>\n<p>&#8211; 100% algod\u00f3n sarga<br \/>\n&#8211; Gorra desestructurada de 6 paneles y perfil bajo<br \/>\n&#8211; 6 ojales cosidos<br \/>\n&#8211; Cinta sudadera negra<br \/>\n&#8211; Hebilla de metal con acabado de lat\u00f3n envejecido<br \/>\n&#8211; Efecto vintage difuminado<br \/>\n&#8211; Producto en blanco procedente de China<\/p>\n<p>Este producto se fabrica especialmente para usted en cuanto hace el pedido, por eso tardamos un poco m\u00e1s en entreg\u00e1rselo. Fabricar productos bajo pedido en lugar de a granel ayuda a reducir la sobreproducci\u00f3n, as\u00ed que gracias por tomar decisiones de compra meditadas.<\/p>\n","protected":false},"excerpt":{"rendered":"<p>Todo el mundo sabe que las gorras de pap\u00e1 ya no son s\u00f3lo para los pap\u00e1s, as\u00ed que hazte con una gorra de sarga de algod\u00f3n bordada para ti. Este es realmente especial gracias a los intrincados detalles del bordado y al aire vintage deslavado. &#8211; 100% algod\u00f3n sarga &#8211; Gorra desestructurada de 6 paneles [&hellip;]<\/p>\n","protected":false},"featured_media":7658,"comment_status":"open","ping_status":"closed","template":"","meta":{"_et_pb_use_builder":"","_et_pb_old_content":"","_et_gb_content_width":""},"product_brand":[],"product_cat":[100],"product_tag":[],"class_list":{"0":"post-8208","1":"product","2":"type-product","3":"status-publish","4":"has-post-thumbnail","6":"product_cat-accesorios","8":"first","9":"instock","10":"shipping-taxable","11":"purchasable","12":"product-type-variable"},"jetpack_sharing_enabled":true,"_links":{"self":[{"href":"https:\/\/www.alexcrossmusic.com\/es\/wp-json\/wp\/v2\/product\/8208","targetHints":{"allow":["GET"]}}],"collection":[{"href":"https:\/\/www.alexcrossmusic.com\/es\/wp-json\/wp\/v2\/product"}],"about":[{"href":"https:\/\/www.alexcrossmusic.com\/es\/wp-json\/wp\/v2\/types\/product"}],"replies":[{"embeddable":true,"href":"https:\/\/www.alexcrossmusic.com\/es\/wp-json\/wp\/v2\/comments?post=8208"}],"wp:featuredmedia":[{"embeddable":true,"href":"https:\/\/www.alexcrossmusic.com\/es\/wp-json\/wp\/v2\/media\/7658"}],"wp:attachment":[{"href":"https:\/\/www.alexcrossmusic.com\/es\/wp-json\/wp\/v2\/media?parent=8208"}],"wp:term":[{"taxonomy":"product_brand","embeddable":true,"href":"https:\/\/www.alexcrossmusic.com\/es\/wp-json\/wp\/v2\/product_brand?post=8208"},{"taxonomy":"product_cat","embeddable":true,"href":"https:\/\/www.alexcrossmusic.com\/es\/wp-json\/wp\/v2\/product_cat?post=8208"},{"taxonomy":"product_tag","embeddable":true,"href":"https:\/\/www.alexcrossmusic.com\/es\/wp-json\/wp\/v2\/product_tag?post=8208"}],"curies":[{"name":"wp","href":"https:\/\/api.w.org\/{rel}","templated":true}]}}