
{"id":8219,"date":"2023-11-10T22:28:25","date_gmt":"2023-11-10T22:28:25","guid":{"rendered":"https:\/\/www.alexcrossmusic.com\/product\/funda-para-portatil\/"},"modified":"2023-11-10T22:28:25","modified_gmt":"2023-11-10T22:28:25","slug":"funda-para-portatil","status":"publish","type":"product","link":"https:\/\/www.alexcrossmusic.com\/es\/producto\/funda-para-portatil\/","title":{"rendered":"Funda para port\u00e1til"},"content":{"rendered":"<p>Proteja su port\u00e1til con estilo: \u00a1h\u00e1gase con esta funda para port\u00e1til ligera y c\u00f3moda! Para evitar cualquier marca de ara\u00f1azos, contiene una cremallera interior acolchada y su interior est\u00e1 totalmente forrado de piel sint\u00e9tica. Adem\u00e1s, est\u00e1 fabricada con un material resistente al agua, al aceite y al calor, lo que garantiza que tu funda para port\u00e1til luzca tan elegante como t\u00fa cualquier d\u00eda de la semana.<\/p>\n<p>&#8211; 100% neopreno<br \/>\n&#8211; 13\u2033 Peso de la funda: 220 g (6,49 oz)<br \/>\n&#8211; 15\u2033 Peso de la manga: 250 g (8,8 oz)<br \/>\n&#8211; Ligero y resistente al agua, al aceite y al calor<br \/>\n&#8211; Ajuste perfecto<br \/>\n&#8211; Forro interior de piel sint\u00e9tica<br \/>\n&#8211; Cierre de cremallera de carga superior con dos deslizadores<br \/>\n&#8211; Cremallera acolchada<br \/>\n&#8211; Producto en blanco procedente de China<\/p>\n","protected":false},"excerpt":{"rendered":"<p>Proteja su port\u00e1til con estilo: \u00a1h\u00e1gase con esta funda para port\u00e1til ligera y c\u00f3moda! Para evitar cualquier marca de ara\u00f1azos, contiene una cremallera interior acolchada y su interior est\u00e1 totalmente forrado de piel sint\u00e9tica. Adem\u00e1s, est\u00e1 fabricada con un material resistente al agua, al aceite y al calor, lo que garantiza que tu funda para [&hellip;]<\/p>\n","protected":false},"featured_media":5716,"comment_status":"open","ping_status":"closed","template":"","meta":{"_et_pb_use_builder":"","_et_pb_old_content":"","_et_gb_content_width":""},"product_brand":[],"product_cat":[100],"product_tag":[],"class_list":{"0":"post-8219","1":"product","2":"type-product","3":"status-publish","4":"has-post-thumbnail","6":"product_cat-accesorios","8":"first","9":"instock","10":"shipping-taxable","11":"purchasable","12":"product-type-variable"},"jetpack_sharing_enabled":true,"_links":{"self":[{"href":"https:\/\/www.alexcrossmusic.com\/es\/wp-json\/wp\/v2\/product\/8219","targetHints":{"allow":["GET"]}}],"collection":[{"href":"https:\/\/www.alexcrossmusic.com\/es\/wp-json\/wp\/v2\/product"}],"about":[{"href":"https:\/\/www.alexcrossmusic.com\/es\/wp-json\/wp\/v2\/types\/product"}],"replies":[{"embeddable":true,"href":"https:\/\/www.alexcrossmusic.com\/es\/wp-json\/wp\/v2\/comments?post=8219"}],"wp:featuredmedia":[{"embeddable":true,"href":"https:\/\/www.alexcrossmusic.com\/es\/wp-json\/wp\/v2\/media\/5716"}],"wp:attachment":[{"href":"https:\/\/www.alexcrossmusic.com\/es\/wp-json\/wp\/v2\/media?parent=8219"}],"wp:term":[{"taxonomy":"product_brand","embeddable":true,"href":"https:\/\/www.alexcrossmusic.com\/es\/wp-json\/wp\/v2\/product_brand?post=8219"},{"taxonomy":"product_cat","embeddable":true,"href":"https:\/\/www.alexcrossmusic.com\/es\/wp-json\/wp\/v2\/product_cat?post=8219"},{"taxonomy":"product_tag","embeddable":true,"href":"https:\/\/www.alexcrossmusic.com\/es\/wp-json\/wp\/v2\/product_tag?post=8219"}],"curies":[{"name":"wp","href":"https:\/\/api.w.org\/{rel}","templated":true}]}}