
{"id":8254,"date":"2023-11-10T22:14:27","date_gmt":"2023-11-10T22:14:27","guid":{"rendered":"https:\/\/www.alexcrossmusic.com\/product\/sudadera-ecologica-unisex-blanca\/"},"modified":"2023-11-10T22:14:27","modified_gmt":"2023-11-10T22:14:27","slug":"sudadera-ecologica-unisex-blanca","status":"publish","type":"product","link":"https:\/\/www.alexcrossmusic.com\/es\/producto\/sudadera-ecologica-unisex-blanca\/","title":{"rendered":"Sudadera ecol\u00f3gica unisex blanca"},"content":{"rendered":"<p>Eleva tu estilo con esta sudadera ecol\u00f3gica unisex. La camisa tiene un aspecto elegante y n\u00edtido y combinar\u00e1 tanto con atuendos informales como m\u00e1s arreglados. Fabricada con materiales org\u00e1nicos y reciclados, esta sudadera es duradera, c\u00f3moda y extrasuave.<\/p>\n<p>&#8211; 85% algod\u00f3n org\u00e1nico peinado hilado en anillos, 15% poli\u00e9ster reciclado<br \/>\n&#8211; Peso del tejido: 350 g\/m\u00b2 (10,3 oz.\/yd.\u00b2)<br \/>\n&#8211; Corte normal<br \/>\n&#8211; Manguitos encastrados<br \/>\n&#8211; Canal\u00e9 1\u00d71 en cuello, dobladillo de mangas y dobladillo inferior<br \/>\n&#8211; Pespunte a una aguja en el cuello<br \/>\n&#8211; Pespunte a doble aguja en las mangas y los dobladillos inferiores<br \/>\n&#8211; Cinta interior de espiga en la nuca<br \/>\n&#8211; Media luna de tejido propio en la nuca<br \/>\n&#8211; Producto en blanco procedente de Bangladesh<\/p>\n<p>Las tallas corresponden a una talla inferior en el mercado estadounidense, por lo que los clientes de EE.UU. deben pedir una talla m\u00e1s.<\/p>\n<p>Este producto se fabrica especialmente para usted en cuanto hace el pedido, por eso tardamos un poco m\u00e1s en entreg\u00e1rselo. Fabricar productos bajo pedido en lugar de a granel ayuda a reducir la sobreproducci\u00f3n, as\u00ed que gracias por tomar decisiones de compra meditadas.<\/p>\n","protected":false},"excerpt":{"rendered":"<p>Eleva tu estilo con esta sudadera ecol\u00f3gica unisex. La camisa tiene un aspecto elegante y n\u00edtido y combinar\u00e1 tanto con atuendos informales como m\u00e1s arreglados. Fabricada con materiales org\u00e1nicos y reciclados, esta sudadera es duradera, c\u00f3moda y extrasuave. &#8211; 85% algod\u00f3n org\u00e1nico peinado hilado en anillos, 15% poli\u00e9ster reciclado &#8211; Peso del tejido: 350 g\/m\u00b2 [&hellip;]<\/p>\n","protected":false},"featured_media":5606,"comment_status":"open","ping_status":"closed","template":"","meta":{"_et_pb_use_builder":"","_et_pb_old_content":"","_et_gb_content_width":""},"product_brand":[],"product_cat":[106,99,180],"product_tag":[],"class_list":{"0":"post-8254","1":"product","2":"type-product","3":"status-publish","4":"has-post-thumbnail","6":"product_cat-hombres","7":"product_cat-mujeres","8":"product_cat-unisex-es","10":"first","11":"instock","12":"shipping-taxable","13":"purchasable","14":"product-type-variable"},"jetpack_sharing_enabled":true,"_links":{"self":[{"href":"https:\/\/www.alexcrossmusic.com\/es\/wp-json\/wp\/v2\/product\/8254","targetHints":{"allow":["GET"]}}],"collection":[{"href":"https:\/\/www.alexcrossmusic.com\/es\/wp-json\/wp\/v2\/product"}],"about":[{"href":"https:\/\/www.alexcrossmusic.com\/es\/wp-json\/wp\/v2\/types\/product"}],"replies":[{"embeddable":true,"href":"https:\/\/www.alexcrossmusic.com\/es\/wp-json\/wp\/v2\/comments?post=8254"}],"wp:featuredmedia":[{"embeddable":true,"href":"https:\/\/www.alexcrossmusic.com\/es\/wp-json\/wp\/v2\/media\/5606"}],"wp:attachment":[{"href":"https:\/\/www.alexcrossmusic.com\/es\/wp-json\/wp\/v2\/media?parent=8254"}],"wp:term":[{"taxonomy":"product_brand","embeddable":true,"href":"https:\/\/www.alexcrossmusic.com\/es\/wp-json\/wp\/v2\/product_brand?post=8254"},{"taxonomy":"product_cat","embeddable":true,"href":"https:\/\/www.alexcrossmusic.com\/es\/wp-json\/wp\/v2\/product_cat?post=8254"},{"taxonomy":"product_tag","embeddable":true,"href":"https:\/\/www.alexcrossmusic.com\/es\/wp-json\/wp\/v2\/product_tag?post=8254"}],"curies":[{"name":"wp","href":"https:\/\/api.w.org\/{rel}","templated":true}]}}