
{"id":8288,"date":"2023-10-28T15:49:17","date_gmt":"2023-10-28T15:49:17","guid":{"rendered":"https:\/\/www.alexcrossmusic.com\/product\/gorra-para-hombre\/"},"modified":"2024-06-19T15:42:14","modified_gmt":"2024-06-19T15:42:14","slug":"gorra-para-hombre","status":"publish","type":"product","link":"https:\/\/www.alexcrossmusic.com\/es\/producto\/gorra-para-hombre\/","title":{"rendered":"Gorra AC \u00ae Distressed Dad"},"content":{"rendered":"<p>Ampl\u00eda tu colecci\u00f3n de sombreros con esta moderna gorra. Con el ala ligeramente desgastada y el tejido de la corona, a\u00f1adir\u00e1 el toque justo de originalidad a tu look. Para un atuendo r\u00e1pido y sencillo, comb\u00ednalo con pantalones, tus vaqueros favoritos y una camiseta deportiva.<br \/>\n&#8211; 100% sarga de algod\u00f3n preencogido<br \/>\n&#8211; Corona blanda<br \/>\n&#8211; 6 ojales cosidos<br \/>\n&#8211; 6 hileras cosidas en el ala<br \/>\n&#8211; Gorra desestructurada de 6 paneles y perfil bajo<br \/>\n&#8211; Panel frontal cosido sin bucar\u00e1n<br \/>\n&#8211; Cierre autoadherente ajustable<br \/>\n&#8211; Producto en blanco procedente de China<br \/>\nEste producto se fabrica especialmente para usted en cuanto hace el pedido, por eso tardamos un poco m\u00e1s en entreg\u00e1rselo. Fabricar productos bajo pedido en lugar de a granel ayuda a reducir la sobreproducci\u00f3n, as\u00ed que gracias por tomar decisiones de compra meditadas.<\/p>\n","protected":false},"excerpt":{"rendered":"<p>Ampl\u00eda tu colecci\u00f3n de sombreros con esta moderna gorra. Con el ala ligeramente desgastada y el tejido de la corona, a\u00f1adir\u00e1 el toque justo de originalidad a tu look. Para un atuendo r\u00e1pido y sencillo, comb\u00ednalo con pantalones, tus vaqueros favoritos y una camiseta deportiva. &#8211; 100% sarga de algod\u00f3n preencogido &#8211; Corona blanda &#8211; [&hellip;]<\/p>\n","protected":false},"featured_media":3004,"comment_status":"open","ping_status":"closed","template":"","meta":{"_et_pb_use_builder":"","_et_pb_old_content":"","_et_gb_content_width":""},"product_brand":[],"product_cat":[100],"product_tag":[],"class_list":{"0":"post-8288","1":"product","2":"type-product","3":"status-publish","4":"has-post-thumbnail","6":"product_cat-accesorios","8":"first","9":"instock","10":"shipping-taxable","11":"purchasable","12":"product-type-variable"},"jetpack_sharing_enabled":true,"_links":{"self":[{"href":"https:\/\/www.alexcrossmusic.com\/es\/wp-json\/wp\/v2\/product\/8288","targetHints":{"allow":["GET"]}}],"collection":[{"href":"https:\/\/www.alexcrossmusic.com\/es\/wp-json\/wp\/v2\/product"}],"about":[{"href":"https:\/\/www.alexcrossmusic.com\/es\/wp-json\/wp\/v2\/types\/product"}],"replies":[{"embeddable":true,"href":"https:\/\/www.alexcrossmusic.com\/es\/wp-json\/wp\/v2\/comments?post=8288"}],"wp:featuredmedia":[{"embeddable":true,"href":"https:\/\/www.alexcrossmusic.com\/es\/wp-json\/wp\/v2\/media\/3004"}],"wp:attachment":[{"href":"https:\/\/www.alexcrossmusic.com\/es\/wp-json\/wp\/v2\/media?parent=8288"}],"wp:term":[{"taxonomy":"product_brand","embeddable":true,"href":"https:\/\/www.alexcrossmusic.com\/es\/wp-json\/wp\/v2\/product_brand?post=8288"},{"taxonomy":"product_cat","embeddable":true,"href":"https:\/\/www.alexcrossmusic.com\/es\/wp-json\/wp\/v2\/product_cat?post=8288"},{"taxonomy":"product_tag","embeddable":true,"href":"https:\/\/www.alexcrossmusic.com\/es\/wp-json\/wp\/v2\/product_tag?post=8288"}],"curies":[{"name":"wp","href":"https:\/\/api.w.org\/{rel}","templated":true}]}}