
{"id":8298,"date":"2023-10-28T15:45:36","date_gmt":"2023-10-28T15:45:36","guid":{"rendered":"https:\/\/www.alexcrossmusic.com\/product\/camiseta-de-manga-corta\/"},"modified":"2023-12-03T14:37:47","modified_gmt":"2023-12-03T14:37:47","slug":"camiseta-de-manga-corta","status":"publish","type":"product","link":"https:\/\/www.alexcrossmusic.com\/es\/producto\/camiseta-de-manga-corta\/","title":{"rendered":"Camiseta de manga corta"},"content":{"rendered":"<p>El tejido tri-blend crea un aspecto vintage y entallado. Y su extrema durabilidad hace que esta camiseta resista repetidos lavados y siga siendo superc\u00f3moda.<\/p>\n<p>&#8211; 50% poli\u00e9ster, 25% algod\u00f3n peinado hilado en anillos, 25% ray\u00f3n<br \/>\n&#8211; Peso del tejido: 115,3 g\/m\u00b2 (3,4 oz\/yd\u00b2)<br \/>\n&#8211; Preencogido para mayor durabilidad<br \/>\n&#8211; 40 solteros<br \/>\n&#8211; Corte normal<br \/>\n&#8211; Costura lateral<br \/>\n&#8211; Producto en blanco procedente de Guatemala, Nicaragua, Honduras o EE.UU.<\/p>\n<p>Este producto se fabrica especialmente para usted en cuanto hace el pedido, por eso tardamos un poco m\u00e1s en entreg\u00e1rselo. Fabricar productos bajo pedido en lugar de a granel ayuda a reducir la sobreproducci\u00f3n, as\u00ed que gracias por tomar decisiones de compra meditadas.<\/p>\n","protected":false},"excerpt":{"rendered":"<p>El tejido tri-blend crea un aspecto vintage y entallado. Y su extrema durabilidad hace que esta camiseta resista repetidos lavados y siga siendo superc\u00f3moda. &#8211; 50% poli\u00e9ster, 25% algod\u00f3n peinado hilado en anillos, 25% ray\u00f3n &#8211; Peso del tejido: 115,3 g\/m\u00b2 (3,4 oz\/yd\u00b2) &#8211; Preencogido para mayor durabilidad &#8211; 40 solteros &#8211; Corte normal &#8211; [&hellip;]<\/p>\n","protected":false},"featured_media":2914,"comment_status":"open","ping_status":"closed","template":"","meta":{"_et_pb_use_builder":"","_et_pb_old_content":"","_et_gb_content_width":""},"product_brand":[],"product_cat":[100,106,99,180],"product_tag":[],"class_list":{"0":"post-8298","1":"product","2":"type-product","3":"status-publish","4":"has-post-thumbnail","6":"product_cat-accesorios","7":"product_cat-hombres","8":"product_cat-mujeres","9":"product_cat-unisex-es","11":"first","12":"instock","13":"shipping-taxable","14":"purchasable","15":"product-type-variable"},"jetpack_sharing_enabled":true,"_links":{"self":[{"href":"https:\/\/www.alexcrossmusic.com\/es\/wp-json\/wp\/v2\/product\/8298","targetHints":{"allow":["GET"]}}],"collection":[{"href":"https:\/\/www.alexcrossmusic.com\/es\/wp-json\/wp\/v2\/product"}],"about":[{"href":"https:\/\/www.alexcrossmusic.com\/es\/wp-json\/wp\/v2\/types\/product"}],"replies":[{"embeddable":true,"href":"https:\/\/www.alexcrossmusic.com\/es\/wp-json\/wp\/v2\/comments?post=8298"}],"wp:featuredmedia":[{"embeddable":true,"href":"https:\/\/www.alexcrossmusic.com\/es\/wp-json\/wp\/v2\/media\/2914"}],"wp:attachment":[{"href":"https:\/\/www.alexcrossmusic.com\/es\/wp-json\/wp\/v2\/media?parent=8298"}],"wp:term":[{"taxonomy":"product_brand","embeddable":true,"href":"https:\/\/www.alexcrossmusic.com\/es\/wp-json\/wp\/v2\/product_brand?post=8298"},{"taxonomy":"product_cat","embeddable":true,"href":"https:\/\/www.alexcrossmusic.com\/es\/wp-json\/wp\/v2\/product_cat?post=8298"},{"taxonomy":"product_tag","embeddable":true,"href":"https:\/\/www.alexcrossmusic.com\/es\/wp-json\/wp\/v2\/product_tag?post=8298"}],"curies":[{"name":"wp","href":"https:\/\/api.w.org\/{rel}","templated":true}]}}