
{"id":8376,"date":"2023-10-28T15:44:13","date_gmt":"2023-10-28T15:44:13","guid":{"rendered":"https:\/\/www.alexcrossmusic.com\/product\/camiseta-de-hombre-2\/"},"modified":"2023-12-03T14:37:46","modified_gmt":"2023-12-03T14:37:46","slug":"camiseta-de-hombre-2","status":"publish","type":"product","link":"https:\/\/www.alexcrossmusic.com\/es\/producto\/camiseta-de-hombre-2\/","title":{"rendered":"Camiseta de hombre"},"content":{"rendered":"<p>Conoce tu nueva camiseta favorita: es supersuave, superc\u00f3moda y est\u00e1 confeccionada con un punto de poli\u00e9ster con tacto de algod\u00f3n que no desti\u00f1e tras los lavados.  <\/p>\n<p>&#8211; 95% poli\u00e9ster, 5% elast\u00e1n (la composici\u00f3n del tejido puede variar en un 1%)<br \/>\n&#8211; Jersey de punto de primera calidad de peso medio<br \/>\n&#8211; Tejido el\u00e1stico en cuatro direcciones que se estira y recupera en los granos transversales y longitudinales<br \/>\n&#8211; Corte normal<br \/>\n&#8211; Componentes de productos en blanco en EE.UU. y M\u00e9xico procedentes de EE.UU.<br \/>\n&#8211; Componentes de productos en blanco en la UE procedentes de Lituania<\/p>\n<p>Este producto se fabrica especialmente para usted en cuanto hace el pedido, por eso tardamos un poco m\u00e1s en entreg\u00e1rselo. Fabricar productos bajo pedido en lugar de a granel ayuda a reducir la sobreproducci\u00f3n, as\u00ed que gracias por tomar decisiones de compra meditadas.<\/p>\n","protected":false},"excerpt":{"rendered":"<p>Conoce tu nueva camiseta favorita: es supersuave, superc\u00f3moda y est\u00e1 confeccionada con un punto de poli\u00e9ster con tacto de algod\u00f3n que no desti\u00f1e tras los lavados. &#8211; 95% poli\u00e9ster, 5% elast\u00e1n (la composici\u00f3n del tejido puede variar en un 1%) &#8211; Jersey de punto de primera calidad de peso medio &#8211; Tejido el\u00e1stico en cuatro [&hellip;]<\/p>\n","protected":false},"featured_media":2844,"comment_status":"open","ping_status":"closed","template":"","meta":{"_et_pb_use_builder":"","_et_pb_old_content":"","_et_gb_content_width":""},"product_brand":[],"product_cat":[100,106],"product_tag":[],"class_list":{"0":"post-8376","1":"product","2":"type-product","3":"status-publish","4":"has-post-thumbnail","6":"product_cat-accesorios","7":"product_cat-hombres","9":"first","10":"instock","11":"shipping-taxable","12":"purchasable","13":"product-type-variable"},"jetpack_sharing_enabled":true,"_links":{"self":[{"href":"https:\/\/www.alexcrossmusic.com\/es\/wp-json\/wp\/v2\/product\/8376","targetHints":{"allow":["GET"]}}],"collection":[{"href":"https:\/\/www.alexcrossmusic.com\/es\/wp-json\/wp\/v2\/product"}],"about":[{"href":"https:\/\/www.alexcrossmusic.com\/es\/wp-json\/wp\/v2\/types\/product"}],"replies":[{"embeddable":true,"href":"https:\/\/www.alexcrossmusic.com\/es\/wp-json\/wp\/v2\/comments?post=8376"}],"wp:featuredmedia":[{"embeddable":true,"href":"https:\/\/www.alexcrossmusic.com\/es\/wp-json\/wp\/v2\/media\/2844"}],"wp:attachment":[{"href":"https:\/\/www.alexcrossmusic.com\/es\/wp-json\/wp\/v2\/media?parent=8376"}],"wp:term":[{"taxonomy":"product_brand","embeddable":true,"href":"https:\/\/www.alexcrossmusic.com\/es\/wp-json\/wp\/v2\/product_brand?post=8376"},{"taxonomy":"product_cat","embeddable":true,"href":"https:\/\/www.alexcrossmusic.com\/es\/wp-json\/wp\/v2\/product_cat?post=8376"},{"taxonomy":"product_tag","embeddable":true,"href":"https:\/\/www.alexcrossmusic.com\/es\/wp-json\/wp\/v2\/product_tag?post=8376"}],"curies":[{"name":"wp","href":"https:\/\/api.w.org\/{rel}","templated":true}]}}