
{"id":8391,"date":"2023-10-28T15:41:58","date_gmt":"2023-10-28T15:41:58","guid":{"rendered":"https:\/\/www.alexcrossmusic.com\/product\/sudadera-con-capucha-unisex-4\/"},"modified":"2024-06-19T15:43:48","modified_gmt":"2024-06-19T15:43:48","slug":"sudadera-con-capucha-unisex-4","status":"publish","type":"product","link":"https:\/\/www.alexcrossmusic.com\/es\/producto\/sudadera-con-capucha-unisex-4\/","title":{"rendered":"Sudadera Unisex Alex Cross \u00ae Tierras del Ma\u00f1ana"},"content":{"rendered":"<p>Esta c\u00f3moda sudadera unisex tiene un exterior suave con un estampado vibrante y un interior de forro polar cepillado a\u00fan m\u00e1s suave. La sudadera con capucha tiene un corte relajado y es perfecta para abrigarse en una noche fr\u00eda.<br \/>\n&#8211; 95% poli\u00e9ster reciclado, 5% elast\u00e1n<br \/>\n&#8211; Peso del tejido (puede variar un 5%): 308 g\/m\u00b2 (9,08 oz.\/yd.\u00b2)<br \/>\n&#8211; Cara de suave tejido de algod\u00f3n<br \/>\n&#8211; Tejido polar cepillado en el interior<br \/>\n&#8211; Capucha de doble forro con dise\u00f1o en ambos lados<br \/>\n&#8211; Estilo unisex<br \/>\n&#8211; Viene con cordones<br \/>\n&#8211; Costuras Overlock<br \/>\n&#8211; Componentes de productos en blanco en M\u00e9xico procedentes de Polonia y M\u00e9xico<br \/>\n&#8211; Componentes de productos en blanco en la UE procedentes de China y Polonia<br \/>\nEste producto se fabrica especialmente para usted en cuanto hace el pedido, por eso tardamos un poco m\u00e1s en entreg\u00e1rselo. Fabricar productos bajo pedido en lugar de a granel ayuda a reducir la sobreproducci\u00f3n, as\u00ed que gracias por tomar decisiones de compra meditadas.<\/p>\n","protected":false},"excerpt":{"rendered":"<p>Esta c\u00f3moda sudadera unisex tiene un exterior suave con un estampado vibrante y un interior de forro polar cepillado a\u00fan m\u00e1s suave. La sudadera con capucha tiene un corte relajado y es perfecta para abrigarse en una noche fr\u00eda. &#8211; 95% poli\u00e9ster reciclado, 5% elast\u00e1n &#8211; Peso del tejido (puede variar un 5%): 308 g\/m\u00b2 [&hellip;]<\/p>\n","protected":false},"featured_media":2809,"comment_status":"open","ping_status":"closed","template":"","meta":{"_et_pb_use_builder":"","_et_pb_old_content":"","_et_gb_content_width":""},"product_brand":[],"product_cat":[106,99,180],"product_tag":[],"class_list":{"0":"post-8391","1":"product","2":"type-product","3":"status-publish","4":"has-post-thumbnail","6":"product_cat-hombres","7":"product_cat-mujeres","8":"product_cat-unisex-es","10":"first","11":"instock","12":"shipping-taxable","13":"purchasable","14":"product-type-variable"},"jetpack_sharing_enabled":true,"_links":{"self":[{"href":"https:\/\/www.alexcrossmusic.com\/es\/wp-json\/wp\/v2\/product\/8391","targetHints":{"allow":["GET"]}}],"collection":[{"href":"https:\/\/www.alexcrossmusic.com\/es\/wp-json\/wp\/v2\/product"}],"about":[{"href":"https:\/\/www.alexcrossmusic.com\/es\/wp-json\/wp\/v2\/types\/product"}],"replies":[{"embeddable":true,"href":"https:\/\/www.alexcrossmusic.com\/es\/wp-json\/wp\/v2\/comments?post=8391"}],"wp:featuredmedia":[{"embeddable":true,"href":"https:\/\/www.alexcrossmusic.com\/es\/wp-json\/wp\/v2\/media\/2809"}],"wp:attachment":[{"href":"https:\/\/www.alexcrossmusic.com\/es\/wp-json\/wp\/v2\/media?parent=8391"}],"wp:term":[{"taxonomy":"product_brand","embeddable":true,"href":"https:\/\/www.alexcrossmusic.com\/es\/wp-json\/wp\/v2\/product_brand?post=8391"},{"taxonomy":"product_cat","embeddable":true,"href":"https:\/\/www.alexcrossmusic.com\/es\/wp-json\/wp\/v2\/product_cat?post=8391"},{"taxonomy":"product_tag","embeddable":true,"href":"https:\/\/www.alexcrossmusic.com\/es\/wp-json\/wp\/v2\/product_tag?post=8391"}],"curies":[{"name":"wp","href":"https:\/\/api.w.org\/{rel}","templated":true}]}}