
{"id":8446,"date":"2023-10-28T15:33:48","date_gmt":"2023-10-28T15:33:48","guid":{"rendered":"https:\/\/www.alexcrossmusic.com\/product\/sudadera-ecologica-con-capucha\/"},"modified":"2023-10-28T15:33:48","modified_gmt":"2023-10-28T15:33:48","slug":"sudadera-ecologica-con-capucha","status":"publish","type":"product","link":"https:\/\/www.alexcrossmusic.com\/es\/producto\/sudadera-ecologica-con-capucha\/","title":{"rendered":"Sudadera ecol\u00f3gica con capucha"},"content":{"rendered":"<p>Te presentamos la sudadera con capucha ecol\u00f3gica de primera calidad fabricada con materiales org\u00e1nicos y reciclados. Con su c\u00f3modo ajuste, su bolsillo frontal y su capucha de doble capa, la sudadera con capucha es una prenda de calle cl\u00e1sica que puede combinarse con m\u00faltiples looks.<\/p>\n<p>&#8211; 85% algod\u00f3n org\u00e1nico, 15% poli\u00e9ster reciclado<br \/>\n&#8211; Canal\u00e9: 97% algod\u00f3n org\u00e1nico, 3% elast\u00e1n<br \/>\n&#8211; Tejido polar cepillado en el interior<br \/>\n&#8211; C\u00f3modo ajuste unisex<br \/>\n&#8211; Capucha de doble capa<br \/>\n&#8211; Cordones planos con ojales met\u00e1licos para un tacto de primera calidad<br \/>\n&#8211; Bolsillo canguro<br \/>\n&#8211; Parche de etiqueta interior\/exterior para la marca<br \/>\n&#8211; Etiqueta de cuidado desprendible<\/p>\n<p>Este producto se fabrica especialmente para usted en cuanto hace el pedido, por eso tardamos un poco m\u00e1s en entreg\u00e1rselo. Fabricar productos bajo pedido en lugar de a granel ayuda a reducir la sobreproducci\u00f3n, as\u00ed que gracias por tomar decisiones de compra meditadas.<\/p>\n","protected":false},"excerpt":{"rendered":"<p>Te presentamos la sudadera con capucha ecol\u00f3gica de primera calidad fabricada con materiales org\u00e1nicos y reciclados. Con su c\u00f3modo ajuste, su bolsillo frontal y su capucha de doble capa, la sudadera con capucha es una prenda de calle cl\u00e1sica que puede combinarse con m\u00faltiples looks. &#8211; 85% algod\u00f3n org\u00e1nico, 15% poli\u00e9ster reciclado &#8211; Canal\u00e9: 97% [&hellip;]<\/p>\n","protected":false},"featured_media":2632,"comment_status":"open","ping_status":"closed","template":"","meta":{"_et_pb_use_builder":"","_et_pb_old_content":"","_et_gb_content_width":""},"product_brand":[],"product_cat":[106,99,180],"product_tag":[],"class_list":{"0":"post-8446","1":"product","2":"type-product","3":"status-publish","4":"has-post-thumbnail","6":"product_cat-hombres","7":"product_cat-mujeres","8":"product_cat-unisex-es","10":"first","11":"instock","12":"shipping-taxable","13":"purchasable","14":"product-type-variable"},"jetpack_sharing_enabled":true,"_links":{"self":[{"href":"https:\/\/www.alexcrossmusic.com\/es\/wp-json\/wp\/v2\/product\/8446","targetHints":{"allow":["GET"]}}],"collection":[{"href":"https:\/\/www.alexcrossmusic.com\/es\/wp-json\/wp\/v2\/product"}],"about":[{"href":"https:\/\/www.alexcrossmusic.com\/es\/wp-json\/wp\/v2\/types\/product"}],"replies":[{"embeddable":true,"href":"https:\/\/www.alexcrossmusic.com\/es\/wp-json\/wp\/v2\/comments?post=8446"}],"wp:featuredmedia":[{"embeddable":true,"href":"https:\/\/www.alexcrossmusic.com\/es\/wp-json\/wp\/v2\/media\/2632"}],"wp:attachment":[{"href":"https:\/\/www.alexcrossmusic.com\/es\/wp-json\/wp\/v2\/media?parent=8446"}],"wp:term":[{"taxonomy":"product_brand","embeddable":true,"href":"https:\/\/www.alexcrossmusic.com\/es\/wp-json\/wp\/v2\/product_brand?post=8446"},{"taxonomy":"product_cat","embeddable":true,"href":"https:\/\/www.alexcrossmusic.com\/es\/wp-json\/wp\/v2\/product_cat?post=8446"},{"taxonomy":"product_tag","embeddable":true,"href":"https:\/\/www.alexcrossmusic.com\/es\/wp-json\/wp\/v2\/product_tag?post=8446"}],"curies":[{"name":"wp","href":"https:\/\/api.w.org\/{rel}","templated":true}]}}