
{"id":8479,"date":"2023-10-28T15:31:19","date_gmt":"2023-10-28T15:31:19","guid":{"rendered":"https:\/\/www.alexcrossmusic.com\/product\/calzado-deportivo-para-hombre\/"},"modified":"2024-06-19T15:44:37","modified_gmt":"2024-06-19T15:44:37","slug":"calzado-deportivo-para-hombre","status":"publish","type":"product","link":"https:\/\/www.alexcrossmusic.com\/es\/producto\/calzado-deportivo-para-hombre\/","title":{"rendered":"Alex Cross \u00ae Lands of Tomorrow Calzado deportivo para hombre"},"content":{"rendered":"<p>Mantente activo durante toda la semana con estas zapatillas deportivas de dise\u00f1o exclusivo. Cuentan con un interior suave y acolchado para el m\u00e1ximo confort y una suela de goma para mayor estabilidad.<br \/>\n&#8211; 100% poli\u00e9ster flyknit ultraligero<br \/>\n&#8211; Suela de goma de etilvinilacetato (EVA)<br \/>\n&#8211; Forro transpirable<br \/>\n&#8211; Plantilla blanda y cuello acolchado<br \/>\n&#8211; Cordones delanteros<br \/>\n&#8211; Producto en blanco procedente de China<br \/>\nDescargo de responsabilidad: Se espera un fuerte olor a pegamento a la llegada del producto. Deje que los zapatos se aireen durante un par de d\u00edas y el olor desaparecer\u00e1.<\/p>\n","protected":false},"excerpt":{"rendered":"<p>Mantente activo durante toda la semana con estas zapatillas deportivas de dise\u00f1o exclusivo. Cuentan con un interior suave y acolchado para el m\u00e1ximo confort y una suela de goma para mayor estabilidad. &#8211; 100% poli\u00e9ster flyknit ultraligero &#8211; Suela de goma de etilvinilacetato (EVA) &#8211; Forro transpirable &#8211; Plantilla blanda y cuello acolchado &#8211; Cordones [&hellip;]<\/p>\n","protected":false},"featured_media":2583,"comment_status":"open","ping_status":"closed","template":"","meta":{"_et_pb_use_builder":"","_et_pb_old_content":"","_et_gb_content_width":""},"product_brand":[],"product_cat":[100,106],"product_tag":[],"class_list":{"0":"post-8479","1":"product","2":"type-product","3":"status-publish","4":"has-post-thumbnail","6":"product_cat-accesorios","7":"product_cat-hombres","9":"first","10":"instock","11":"shipping-taxable","12":"purchasable","13":"product-type-variable"},"jetpack_sharing_enabled":true,"_links":{"self":[{"href":"https:\/\/www.alexcrossmusic.com\/es\/wp-json\/wp\/v2\/product\/8479","targetHints":{"allow":["GET"]}}],"collection":[{"href":"https:\/\/www.alexcrossmusic.com\/es\/wp-json\/wp\/v2\/product"}],"about":[{"href":"https:\/\/www.alexcrossmusic.com\/es\/wp-json\/wp\/v2\/types\/product"}],"replies":[{"embeddable":true,"href":"https:\/\/www.alexcrossmusic.com\/es\/wp-json\/wp\/v2\/comments?post=8479"}],"wp:featuredmedia":[{"embeddable":true,"href":"https:\/\/www.alexcrossmusic.com\/es\/wp-json\/wp\/v2\/media\/2583"}],"wp:attachment":[{"href":"https:\/\/www.alexcrossmusic.com\/es\/wp-json\/wp\/v2\/media?parent=8479"}],"wp:term":[{"taxonomy":"product_brand","embeddable":true,"href":"https:\/\/www.alexcrossmusic.com\/es\/wp-json\/wp\/v2\/product_brand?post=8479"},{"taxonomy":"product_cat","embeddable":true,"href":"https:\/\/www.alexcrossmusic.com\/es\/wp-json\/wp\/v2\/product_cat?post=8479"},{"taxonomy":"product_tag","embeddable":true,"href":"https:\/\/www.alexcrossmusic.com\/es\/wp-json\/wp\/v2\/product_tag?post=8479"}],"curies":[{"name":"wp","href":"https:\/\/api.w.org\/{rel}","templated":true}]}}