
{"id":8497,"date":"2023-10-28T15:30:06","date_gmt":"2023-10-28T15:30:06","guid":{"rendered":"https:\/\/www.alexcrossmusic.com\/product\/cazadora-unisex-2\/"},"modified":"2023-10-28T15:30:06","modified_gmt":"2023-10-28T15:30:06","slug":"cazadora-unisex-2","status":"publish","type":"product","link":"https:\/\/www.alexcrossmusic.com\/es\/producto\/cazadora-unisex-2\/","title":{"rendered":"Cazadora unisex"},"content":{"rendered":"<p>A\u00f1ade un poco de chispa a tu vestuario con esta vibrante chaqueta bomber con estampado integral. P\u00f3ntelo sobre una camiseta b\u00e1sica o sobre una sudadera con capucha: quedar\u00e1 genial de cualquier forma. Con un interior de forro polar cepillado y un corte unisex relajado, esta cazadora bomber es un sue\u00f1o, \u00a1as\u00ed que no tardes en hacerte con una!<\/p>\n<p>&#8211; 100% poli\u00e9ster<br \/>\n&#8211; Peso del tejido: 220 g\/m\u00b2 (6,49 oz\/yd\u00b2), el peso puede variar en un 5%.<br \/>\n&#8211; Tejido polar cepillado en el interior<br \/>\n&#8211; Corte unisex<br \/>\n&#8211; Costuras Overlock<br \/>\n&#8211; Cinta resistente para el cuello<br \/>\n&#8211; Cremallera YKK plateada<br \/>\n&#8211; 2 bolsillos de tela<br \/>\n&#8211; Componentes de productos en blanco procedentes de EE.UU. y China<\/p>\n<p>Este producto se fabrica especialmente para usted en cuanto hace el pedido, por eso tardamos un poco m\u00e1s en entreg\u00e1rselo. Fabricar productos bajo pedido en lugar de a granel ayuda a reducir la sobreproducci\u00f3n, as\u00ed que gracias por tomar decisiones de compra meditadas.<\/p>\n","protected":false},"excerpt":{"rendered":"<p>A\u00f1ade un poco de chispa a tu vestuario con esta vibrante chaqueta bomber con estampado integral. P\u00f3ntelo sobre una camiseta b\u00e1sica o sobre una sudadera con capucha: quedar\u00e1 genial de cualquier forma. Con un interior de forro polar cepillado y un corte unisex relajado, esta cazadora bomber es un sue\u00f1o, \u00a1as\u00ed que no tardes en [&hellip;]<\/p>\n","protected":false},"featured_media":2561,"comment_status":"open","ping_status":"closed","template":"","meta":{"_et_pb_use_builder":"","_et_pb_old_content":"","_et_gb_content_width":""},"product_brand":[],"product_cat":[106,99,180],"product_tag":[],"class_list":{"0":"post-8497","1":"product","2":"type-product","3":"status-publish","4":"has-post-thumbnail","6":"product_cat-hombres","7":"product_cat-mujeres","8":"product_cat-unisex-es","10":"first","11":"instock","12":"shipping-taxable","13":"purchasable","14":"product-type-variable"},"jetpack_sharing_enabled":true,"_links":{"self":[{"href":"https:\/\/www.alexcrossmusic.com\/es\/wp-json\/wp\/v2\/product\/8497","targetHints":{"allow":["GET"]}}],"collection":[{"href":"https:\/\/www.alexcrossmusic.com\/es\/wp-json\/wp\/v2\/product"}],"about":[{"href":"https:\/\/www.alexcrossmusic.com\/es\/wp-json\/wp\/v2\/types\/product"}],"replies":[{"embeddable":true,"href":"https:\/\/www.alexcrossmusic.com\/es\/wp-json\/wp\/v2\/comments?post=8497"}],"wp:featuredmedia":[{"embeddable":true,"href":"https:\/\/www.alexcrossmusic.com\/es\/wp-json\/wp\/v2\/media\/2561"}],"wp:attachment":[{"href":"https:\/\/www.alexcrossmusic.com\/es\/wp-json\/wp\/v2\/media?parent=8497"}],"wp:term":[{"taxonomy":"product_brand","embeddable":true,"href":"https:\/\/www.alexcrossmusic.com\/es\/wp-json\/wp\/v2\/product_brand?post=8497"},{"taxonomy":"product_cat","embeddable":true,"href":"https:\/\/www.alexcrossmusic.com\/es\/wp-json\/wp\/v2\/product_cat?post=8497"},{"taxonomy":"product_tag","embeddable":true,"href":"https:\/\/www.alexcrossmusic.com\/es\/wp-json\/wp\/v2\/product_tag?post=8497"}],"curies":[{"name":"wp","href":"https:\/\/api.w.org\/{rel}","templated":true}]}}