
{"id":8533,"date":"2023-10-28T15:23:13","date_gmt":"2023-10-28T15:23:13","guid":{"rendered":"https:\/\/www.alexcrossmusic.com\/product\/camisa-de-manga-larga-para-hombre\/"},"modified":"2023-10-28T15:23:13","modified_gmt":"2023-10-28T15:23:13","slug":"camisa-de-manga-larga-para-hombre","status":"publish","type":"product","link":"https:\/\/www.alexcrossmusic.com\/es\/producto\/camisa-de-manga-larga-para-hombre\/","title":{"rendered":"Camisa de manga larga para hombre"},"content":{"rendered":"<p>Una buena camisa de manga larga es un imprescindible de la moda masculina. A\u00f1ade este b\u00e1sico de armario a tu colecci\u00f3n y tendr\u00e1s una opci\u00f3n ideal para un look informal o un conjunto relajado de negocios.<\/p>\n<p>&#8211; 100% algod\u00f3n<br \/>\n&#8211; Sport Grey es 90% algod\u00f3n, 10% poli\u00e9ster<br \/>\n&#8211; Corte cl\u00e1sico con mangas largas y pu\u00f1os de canal\u00e9<br \/>\n&#8211; Punto jersey preencogido<br \/>\n&#8211; Cuello de 2,2 cm (7\u20448\u00bb) con doble aguja sin costuras<br \/>\n&#8211; Dobladillo inferior de doble aguja<br \/>\n&#8211; Cuello y hombros encintados<br \/>\n&#8211; Cuarto de vuelta para evitar el pliegue por el centro<\/p>\n<p>Este producto se fabrica especialmente para usted en cuanto hace el pedido, por eso tardamos un poco m\u00e1s en entreg\u00e1rselo. Fabricar productos bajo pedido en lugar de a granel ayuda a reducir la sobreproducci\u00f3n, as\u00ed que gracias por tomar decisiones de compra meditadas.<\/p>\n","protected":false},"excerpt":{"rendered":"<p>Una buena camisa de manga larga es un imprescindible de la moda masculina. A\u00f1ade este b\u00e1sico de armario a tu colecci\u00f3n y tendr\u00e1s una opci\u00f3n ideal para un look informal o un conjunto relajado de negocios. &#8211; 100% algod\u00f3n &#8211; Sport Grey es 90% algod\u00f3n, 10% poli\u00e9ster &#8211; Corte cl\u00e1sico con mangas largas y pu\u00f1os [&hellip;]<\/p>\n","protected":false},"featured_media":2407,"comment_status":"open","ping_status":"closed","template":"","meta":{"_et_pb_use_builder":"","_et_pb_old_content":"","_et_gb_content_width":""},"product_brand":[],"product_cat":[100,106],"product_tag":[],"class_list":{"0":"post-8533","1":"product","2":"type-product","3":"status-publish","4":"has-post-thumbnail","6":"product_cat-accesorios","7":"product_cat-hombres","9":"first","10":"instock","11":"shipping-taxable","12":"purchasable","13":"product-type-variable"},"jetpack_sharing_enabled":true,"_links":{"self":[{"href":"https:\/\/www.alexcrossmusic.com\/es\/wp-json\/wp\/v2\/product\/8533","targetHints":{"allow":["GET"]}}],"collection":[{"href":"https:\/\/www.alexcrossmusic.com\/es\/wp-json\/wp\/v2\/product"}],"about":[{"href":"https:\/\/www.alexcrossmusic.com\/es\/wp-json\/wp\/v2\/types\/product"}],"replies":[{"embeddable":true,"href":"https:\/\/www.alexcrossmusic.com\/es\/wp-json\/wp\/v2\/comments?post=8533"}],"wp:featuredmedia":[{"embeddable":true,"href":"https:\/\/www.alexcrossmusic.com\/es\/wp-json\/wp\/v2\/media\/2407"}],"wp:attachment":[{"href":"https:\/\/www.alexcrossmusic.com\/es\/wp-json\/wp\/v2\/media?parent=8533"}],"wp:term":[{"taxonomy":"product_brand","embeddable":true,"href":"https:\/\/www.alexcrossmusic.com\/es\/wp-json\/wp\/v2\/product_brand?post=8533"},{"taxonomy":"product_cat","embeddable":true,"href":"https:\/\/www.alexcrossmusic.com\/es\/wp-json\/wp\/v2\/product_cat?post=8533"},{"taxonomy":"product_tag","embeddable":true,"href":"https:\/\/www.alexcrossmusic.com\/es\/wp-json\/wp\/v2\/product_tag?post=8533"}],"curies":[{"name":"wp","href":"https:\/\/api.w.org\/{rel}","templated":true}]}}