
{"id":8578,"date":"2023-10-28T15:18:25","date_gmt":"2023-10-28T15:18:25","guid":{"rendered":"https:\/\/www.alexcrossmusic.com\/product\/pantalones-de-chandal-unisex-2\/"},"modified":"2024-06-19T15:45:39","modified_gmt":"2024-06-19T15:45:39","slug":"pantalones-de-chandal-unisex-2","status":"publish","type":"product","link":"https:\/\/www.alexcrossmusic.com\/es\/producto\/pantalones-de-chandal-unisex-2\/","title":{"rendered":"Alex Cross AC \u00ae El mejor corredor Pantalones de ch\u00e1ndal unisex"},"content":{"rendered":"<p>Los pantalones de ch\u00e1ndal unisex son tu nueva prenda imprescindible para entrenar o para lucir un atuendo urbano. El tejido ligero y resistente al agua y el forro de malla proporcionan comodidad, mientras que los pu\u00f1os el\u00e1sticos de los tobillos te facilitar\u00e1n lucir tus zapatillas. Comb\u00ednalo con un cortavientos para completar tu look.<br \/>\n&#8211; 100% poli\u00e9ster<br \/>\n&#8211; Peso del tejido: 75 g\/m\u00b2 (2,21 oz\/yd\u00b2)<br \/>\n&#8211; Tejido ligero e impermeable<br \/>\n&#8211; Totalmente forrado, forro de malla  <br \/>\n&#8211; Corte relajado<br \/>\n&#8211; Cintura y tobillos el\u00e1sticos<br \/>\n&#8211; Bolsillos con cremallera<br \/>\n&#8211; Se sienta a la cadera<br \/>\n&#8211; Producto en blanco procedente de China<\/p>\n","protected":false},"excerpt":{"rendered":"<p>Los pantalones de ch\u00e1ndal unisex son tu nueva prenda imprescindible para entrenar o para lucir un atuendo urbano. El tejido ligero y resistente al agua y el forro de malla proporcionan comodidad, mientras que los pu\u00f1os el\u00e1sticos de los tobillos te facilitar\u00e1n lucir tus zapatillas. Comb\u00ednalo con un cortavientos para completar tu look. &#8211; 100% [&hellip;]<\/p>\n","protected":false},"featured_media":2328,"comment_status":"open","ping_status":"closed","template":"","meta":{"_et_pb_use_builder":"","_et_pb_old_content":"","_et_gb_content_width":""},"product_brand":[],"product_cat":[106,99,180],"product_tag":[],"class_list":{"0":"post-8578","1":"product","2":"type-product","3":"status-publish","4":"has-post-thumbnail","6":"product_cat-hombres","7":"product_cat-mujeres","8":"product_cat-unisex-es","10":"first","11":"instock","12":"shipping-taxable","13":"purchasable","14":"product-type-variable"},"jetpack_sharing_enabled":true,"_links":{"self":[{"href":"https:\/\/www.alexcrossmusic.com\/es\/wp-json\/wp\/v2\/product\/8578","targetHints":{"allow":["GET"]}}],"collection":[{"href":"https:\/\/www.alexcrossmusic.com\/es\/wp-json\/wp\/v2\/product"}],"about":[{"href":"https:\/\/www.alexcrossmusic.com\/es\/wp-json\/wp\/v2\/types\/product"}],"replies":[{"embeddable":true,"href":"https:\/\/www.alexcrossmusic.com\/es\/wp-json\/wp\/v2\/comments?post=8578"}],"wp:featuredmedia":[{"embeddable":true,"href":"https:\/\/www.alexcrossmusic.com\/es\/wp-json\/wp\/v2\/media\/2328"}],"wp:attachment":[{"href":"https:\/\/www.alexcrossmusic.com\/es\/wp-json\/wp\/v2\/media?parent=8578"}],"wp:term":[{"taxonomy":"product_brand","embeddable":true,"href":"https:\/\/www.alexcrossmusic.com\/es\/wp-json\/wp\/v2\/product_brand?post=8578"},{"taxonomy":"product_cat","embeddable":true,"href":"https:\/\/www.alexcrossmusic.com\/es\/wp-json\/wp\/v2\/product_cat?post=8578"},{"taxonomy":"product_tag","embeddable":true,"href":"https:\/\/www.alexcrossmusic.com\/es\/wp-json\/wp\/v2\/product_tag?post=8578"}],"curies":[{"name":"wp","href":"https:\/\/api.w.org\/{rel}","templated":true}]}}