
{"id":8586,"date":"2023-10-28T15:17:48","date_gmt":"2023-10-28T15:17:48","guid":{"rendered":"https:\/\/www.alexcrossmusic.com\/product\/lycra-para-hombre\/"},"modified":"2024-06-19T15:46:02","modified_gmt":"2024-06-19T15:46:02","slug":"lycra-para-hombre","status":"publish","type":"product","link":"https:\/\/www.alexcrossmusic.com\/es\/producto\/lycra-para-hombre\/","title":{"rendered":"Lycra de verano para hombre"},"content":{"rendered":"<p>No deje que las quemaduras solares, el viento, la arena u otros elementos le arruinen el d\u00eda. Esta suave y vers\u00e1til lycra de manga larga te proteger\u00e1 mientras te diviertes haciendo deporte. Es entallada, con costuras planas y ergon\u00f3micas, y un poco m\u00e1s larga que tu camiseta informal para mayor comodidad y protecci\u00f3n.<br \/>\n&#8211; 82% poli\u00e9ster, 18% elastano<br \/>\n&#8211; Tejido el\u00e1stico en cuatro direcciones muy suave que se estira y recupera en los granos transversales y longitudinales.<br \/>\n&#8211; UPF 50+<br \/>\n&#8211; C\u00f3modo cuerpo y mangas m\u00e1s largos<br \/>\n&#8211; Costura plana y pespunte<br \/>\n&#8211; Componentes de productos en blanco procedentes de China<br \/>\nEste producto se fabrica especialmente para usted en cuanto hace el pedido, por eso tardamos un poco m\u00e1s en entreg\u00e1rselo. Fabricar productos bajo pedido en lugar de a granel ayuda a reducir la sobreproducci\u00f3n, as\u00ed que gracias por tomar decisiones de compra meditadas.<\/p>\n","protected":false},"excerpt":{"rendered":"<p>No deje que las quemaduras solares, el viento, la arena u otros elementos le arruinen el d\u00eda. Esta suave y vers\u00e1til lycra de manga larga te proteger\u00e1 mientras te diviertes haciendo deporte. Es entallada, con costuras planas y ergon\u00f3micas, y un poco m\u00e1s larga que tu camiseta informal para mayor comodidad y protecci\u00f3n. &#8211; 82% [&hellip;]<\/p>\n","protected":false},"featured_media":2310,"comment_status":"open","ping_status":"closed","template":"","meta":{"_et_pb_use_builder":"","_et_pb_old_content":"","_et_gb_content_width":""},"product_brand":[],"product_cat":[100,106],"product_tag":[],"class_list":{"0":"post-8586","1":"product","2":"type-product","3":"status-publish","4":"has-post-thumbnail","6":"product_cat-accesorios","7":"product_cat-hombres","9":"first","10":"instock","11":"shipping-taxable","12":"purchasable","13":"product-type-variable"},"jetpack_sharing_enabled":true,"_links":{"self":[{"href":"https:\/\/www.alexcrossmusic.com\/es\/wp-json\/wp\/v2\/product\/8586","targetHints":{"allow":["GET"]}}],"collection":[{"href":"https:\/\/www.alexcrossmusic.com\/es\/wp-json\/wp\/v2\/product"}],"about":[{"href":"https:\/\/www.alexcrossmusic.com\/es\/wp-json\/wp\/v2\/types\/product"}],"replies":[{"embeddable":true,"href":"https:\/\/www.alexcrossmusic.com\/es\/wp-json\/wp\/v2\/comments?post=8586"}],"wp:featuredmedia":[{"embeddable":true,"href":"https:\/\/www.alexcrossmusic.com\/es\/wp-json\/wp\/v2\/media\/2310"}],"wp:attachment":[{"href":"https:\/\/www.alexcrossmusic.com\/es\/wp-json\/wp\/v2\/media?parent=8586"}],"wp:term":[{"taxonomy":"product_brand","embeddable":true,"href":"https:\/\/www.alexcrossmusic.com\/es\/wp-json\/wp\/v2\/product_brand?post=8586"},{"taxonomy":"product_cat","embeddable":true,"href":"https:\/\/www.alexcrossmusic.com\/es\/wp-json\/wp\/v2\/product_cat?post=8586"},{"taxonomy":"product_tag","embeddable":true,"href":"https:\/\/www.alexcrossmusic.com\/es\/wp-json\/wp\/v2\/product_tag?post=8586"}],"curies":[{"name":"wp","href":"https:\/\/api.w.org\/{rel}","templated":true}]}}