
{"id":8595,"date":"2023-10-28T15:15:34","date_gmt":"2023-10-28T15:15:34","guid":{"rendered":"https:\/\/www.alexcrossmusic.com\/product\/polaina\/"},"modified":"2023-10-28T15:15:34","modified_gmt":"2023-10-28T15:15:34","slug":"polaina","status":"publish","type":"product","link":"https:\/\/www.alexcrossmusic.com\/es\/producto\/polaina\/","title":{"rendered":"Polaina"},"content":{"rendered":"<p>Esta polaina para el cuello es un accesorio vers\u00e1til que puede utilizarse como cubrecara, cinta para la cabeza, pa\u00f1uelo, mu\u00f1equera y calentador de cuello. Mejora tu juego de accesorios y encuentra una careta a juego para cada uno de tus atuendos. <\/p>\n<p>&#8211; 95% poli\u00e9ster, 5% elast\u00e1n (la composici\u00f3n del tejido puede variar en un 1%)<br \/>\n&#8211; Peso del tejido: 210 g\/m\u00b2 (6,19 oz\/yd\u00b2), el peso puede variar en un 5%.<br \/>\n&#8211; Tejido transpirable<br \/>\n&#8211; Tejido el\u00e1stico en cuatro direcciones que se estira y recupera en los granos transversales y longitudinales<br \/>\n&#8211; Lavable y reutilizable<br \/>\n&#8211; Talla \u00fanica<br \/>\n&#8211; Impreso por una cara, el reverso se deja en blanco<br \/>\n&#8211; Componentes de productos en blanco en EE.UU. y M\u00e9xico procedentes de EE.UU. o China<br \/>\n&#8211; Componentes de productos en blanco en la UE procedentes de Lituania<\/p>\n","protected":false},"excerpt":{"rendered":"<p>Esta polaina para el cuello es un accesorio vers\u00e1til que puede utilizarse como cubrecara, cinta para la cabeza, pa\u00f1uelo, mu\u00f1equera y calentador de cuello. Mejora tu juego de accesorios y encuentra una careta a juego para cada uno de tus atuendos. &#8211; 95% poli\u00e9ster, 5% elast\u00e1n (la composici\u00f3n del tejido puede variar en un 1%) [&hellip;]<\/p>\n","protected":false},"featured_media":2261,"comment_status":"open","ping_status":"closed","template":"","meta":{"_et_pb_use_builder":"","_et_pb_old_content":"","_et_gb_content_width":""},"product_brand":[],"product_cat":[100],"product_tag":[],"class_list":{"0":"post-8595","1":"product","2":"type-product","3":"status-publish","4":"has-post-thumbnail","6":"product_cat-accesorios","8":"first","9":"instock","10":"shipping-taxable","11":"purchasable","12":"product-type-simple"},"jetpack_sharing_enabled":true,"_links":{"self":[{"href":"https:\/\/www.alexcrossmusic.com\/es\/wp-json\/wp\/v2\/product\/8595","targetHints":{"allow":["GET"]}}],"collection":[{"href":"https:\/\/www.alexcrossmusic.com\/es\/wp-json\/wp\/v2\/product"}],"about":[{"href":"https:\/\/www.alexcrossmusic.com\/es\/wp-json\/wp\/v2\/types\/product"}],"replies":[{"embeddable":true,"href":"https:\/\/www.alexcrossmusic.com\/es\/wp-json\/wp\/v2\/comments?post=8595"}],"wp:featuredmedia":[{"embeddable":true,"href":"https:\/\/www.alexcrossmusic.com\/es\/wp-json\/wp\/v2\/media\/2261"}],"wp:attachment":[{"href":"https:\/\/www.alexcrossmusic.com\/es\/wp-json\/wp\/v2\/media?parent=8595"}],"wp:term":[{"taxonomy":"product_brand","embeddable":true,"href":"https:\/\/www.alexcrossmusic.com\/es\/wp-json\/wp\/v2\/product_brand?post=8595"},{"taxonomy":"product_cat","embeddable":true,"href":"https:\/\/www.alexcrossmusic.com\/es\/wp-json\/wp\/v2\/product_cat?post=8595"},{"taxonomy":"product_tag","embeddable":true,"href":"https:\/\/www.alexcrossmusic.com\/es\/wp-json\/wp\/v2\/product_tag?post=8595"}],"curies":[{"name":"wp","href":"https:\/\/api.w.org\/{rel}","templated":true}]}}