
{"id":8596,"date":"2023-10-28T15:15:05","date_gmt":"2023-10-28T15:15:05","guid":{"rendered":"https:\/\/www.alexcrossmusic.com\/product\/chanclas-3\/"},"modified":"2024-06-19T15:46:18","modified_gmt":"2024-06-19T15:46:18","slug":"chanclas-3","status":"publish","type":"product","link":"https:\/\/www.alexcrossmusic.com\/es\/producto\/chanclas-3\/","title":{"rendered":"Chanclas de verano Alex Cross \u00ae Tierras del Ma\u00f1ana"},"content":{"rendered":"<p>Prep\u00e1rate para un verano aventurero y despreocupado con un par de zapatillas de colores creadas s\u00f3lo para ti. La suela de goma est\u00e1 forrada con un suave tejido para que te sientas c\u00f3moda all\u00e1 donde te lleve el d\u00eda.<br \/>\n&#8211; Suela de caucho<br \/>\n&#8211; Forro de tejido 100% poli\u00e9ster personalizable<br \/>\n&#8211; Correas de goma negras en forma de Y<br \/>\n&#8211; Puntera<\/p>\n","protected":false},"excerpt":{"rendered":"<p>Prep\u00e1rate para un verano aventurero y despreocupado con un par de zapatillas de colores creadas s\u00f3lo para ti. La suela de goma est\u00e1 forrada con un suave tejido para que te sientas c\u00f3moda all\u00e1 donde te lleve el d\u00eda. &#8211; Suela de caucho &#8211; Forro de tejido 100% poli\u00e9ster personalizable &#8211; Correas de goma negras [&hellip;]<\/p>\n","protected":false},"featured_media":2246,"comment_status":"open","ping_status":"closed","template":"","meta":{"_et_pb_use_builder":"","_et_pb_old_content":"","_et_gb_content_width":""},"product_brand":[],"product_cat":[100,106,99,180],"product_tag":[],"class_list":{"0":"post-8596","1":"product","2":"type-product","3":"status-publish","4":"has-post-thumbnail","6":"product_cat-accesorios","7":"product_cat-hombres","8":"product_cat-mujeres","9":"product_cat-unisex-es","11":"first","12":"instock","13":"shipping-taxable","14":"purchasable","15":"product-type-variable"},"jetpack_sharing_enabled":true,"_links":{"self":[{"href":"https:\/\/www.alexcrossmusic.com\/es\/wp-json\/wp\/v2\/product\/8596","targetHints":{"allow":["GET"]}}],"collection":[{"href":"https:\/\/www.alexcrossmusic.com\/es\/wp-json\/wp\/v2\/product"}],"about":[{"href":"https:\/\/www.alexcrossmusic.com\/es\/wp-json\/wp\/v2\/types\/product"}],"replies":[{"embeddable":true,"href":"https:\/\/www.alexcrossmusic.com\/es\/wp-json\/wp\/v2\/comments?post=8596"}],"wp:featuredmedia":[{"embeddable":true,"href":"https:\/\/www.alexcrossmusic.com\/es\/wp-json\/wp\/v2\/media\/2246"}],"wp:attachment":[{"href":"https:\/\/www.alexcrossmusic.com\/es\/wp-json\/wp\/v2\/media?parent=8596"}],"wp:term":[{"taxonomy":"product_brand","embeddable":true,"href":"https:\/\/www.alexcrossmusic.com\/es\/wp-json\/wp\/v2\/product_brand?post=8596"},{"taxonomy":"product_cat","embeddable":true,"href":"https:\/\/www.alexcrossmusic.com\/es\/wp-json\/wp\/v2\/product_cat?post=8596"},{"taxonomy":"product_tag","embeddable":true,"href":"https:\/\/www.alexcrossmusic.com\/es\/wp-json\/wp\/v2\/product_tag?post=8596"}],"curies":[{"name":"wp","href":"https:\/\/api.w.org\/{rel}","templated":true}]}}