
{"id":8600,"date":"2023-10-28T15:14:33","date_gmt":"2023-10-28T15:14:33","guid":{"rendered":"https:\/\/www.alexcrossmusic.com\/product\/alfombrilla-de-raton-para-juegos\/"},"modified":"2023-10-28T15:14:33","modified_gmt":"2023-10-28T15:14:33","slug":"alfombrilla-de-raton-para-juegos","status":"publish","type":"product","link":"https:\/\/www.alexcrossmusic.com\/es\/producto\/alfombrilla-de-raton-para-juegos\/","title":{"rendered":"Alfombrilla de rat\u00f3n para juegos"},"content":{"rendered":"<p>Gracias a su gran tama\u00f1o y a la calidad de sus bordes, esta alfombrilla de rat\u00f3n para gaming convierte tu configuraci\u00f3n de juego en una estaci\u00f3n de juego profesional lista para Dota, CSGO y mucho m\u00e1s. No vuelva a preocuparse por los movimientos bruscos del rat\u00f3n, ya que la capa inferior cuenta con una superficie antideslizante fiable que mantiene toda la alfombrilla firmemente sujeta a la mesa.<\/p>\n<p>&#8211; 100% poli\u00e9ster<br \/>\n&#8211; Base de goma antideslizante<br \/>\n&#8211; Tama\u00f1os: 36\u2033 \u00d7 18\u2033 (91,4 cm \u00d7 45,7 cm), 18\u2033 \u00d7 16\u2033 (45,8 cm \u00d7 40,7 cm)<br \/>\n&#8211; Impresiones vibrantes y duraderas<br \/>\n&#8211; Costuras de alta calidad que no se despegan<br \/>\n&#8211; Superficie antideslizante<br \/>\n&#8211; Bordes redondeados<br \/>\n&#8211; Producto en blanco procedente de Taiw\u00e1n<\/p>\n<p>Importante: Este producto no se env\u00eda a los siguientes pa\u00edses: Albania, Polinesia Francesa, Rep\u00fablica de Kosovo, Nueva Caledonia, Reuni\u00f3n, Rusia, Sud\u00e1frica, Ucrania.<\/p>\n","protected":false},"excerpt":{"rendered":"<p>Gracias a su gran tama\u00f1o y a la calidad de sus bordes, esta alfombrilla de rat\u00f3n para gaming convierte tu configuraci\u00f3n de juego en una estaci\u00f3n de juego profesional lista para Dota, CSGO y mucho m\u00e1s. No vuelva a preocuparse por los movimientos bruscos del rat\u00f3n, ya que la capa inferior cuenta con una superficie [&hellip;]<\/p>\n","protected":false},"featured_media":2238,"comment_status":"open","ping_status":"closed","template":"","meta":{"_et_pb_use_builder":"","_et_pb_old_content":"","_et_gb_content_width":""},"product_brand":[],"product_cat":[100],"product_tag":[],"class_list":{"0":"post-8600","1":"product","2":"type-product","3":"status-publish","4":"has-post-thumbnail","6":"product_cat-accesorios","8":"first","9":"instock","10":"shipping-taxable","11":"purchasable","12":"product-type-variable"},"jetpack_sharing_enabled":true,"_links":{"self":[{"href":"https:\/\/www.alexcrossmusic.com\/es\/wp-json\/wp\/v2\/product\/8600","targetHints":{"allow":["GET"]}}],"collection":[{"href":"https:\/\/www.alexcrossmusic.com\/es\/wp-json\/wp\/v2\/product"}],"about":[{"href":"https:\/\/www.alexcrossmusic.com\/es\/wp-json\/wp\/v2\/types\/product"}],"replies":[{"embeddable":true,"href":"https:\/\/www.alexcrossmusic.com\/es\/wp-json\/wp\/v2\/comments?post=8600"}],"wp:featuredmedia":[{"embeddable":true,"href":"https:\/\/www.alexcrossmusic.com\/es\/wp-json\/wp\/v2\/media\/2238"}],"wp:attachment":[{"href":"https:\/\/www.alexcrossmusic.com\/es\/wp-json\/wp\/v2\/media?parent=8600"}],"wp:term":[{"taxonomy":"product_brand","embeddable":true,"href":"https:\/\/www.alexcrossmusic.com\/es\/wp-json\/wp\/v2\/product_brand?post=8600"},{"taxonomy":"product_cat","embeddable":true,"href":"https:\/\/www.alexcrossmusic.com\/es\/wp-json\/wp\/v2\/product_cat?post=8600"},{"taxonomy":"product_tag","embeddable":true,"href":"https:\/\/www.alexcrossmusic.com\/es\/wp-json\/wp\/v2\/product_tag?post=8600"}],"curies":[{"name":"wp","href":"https:\/\/api.w.org\/{rel}","templated":true}]}}