
{"id":8604,"date":"2023-10-28T15:13:22","date_gmt":"2023-10-28T15:13:22","guid":{"rendered":"https:\/\/www.alexcrossmusic.com\/product\/alfombrilla-de-raton-3\/"},"modified":"2023-10-28T15:13:22","modified_gmt":"2023-10-28T15:13:22","slug":"alfombrilla-de-raton-3","status":"publish","type":"product","link":"https:\/\/www.alexcrossmusic.com\/es\/producto\/alfombrilla-de-raton-3\/","title":{"rendered":"Alfombrilla de rat\u00f3n"},"content":{"rendered":"<p>Todo rat\u00f3n necesita una buena alfombrilla. Nuestra alfombrilla de rat\u00f3n ofrece un agarre supremo y un movimiento del rat\u00f3n sin esfuerzo, y lo hace con estilo.<\/p>\n<p>&#8211; Superficie de poli\u00e9ster suave  <br \/>\n&#8211; Base de caucho natural<br \/>\n&#8211; Bordes redondeados<br \/>\n&#8211; 79,4 g (2,8 oz)<br \/>\n&#8211; Tama\u00f1o: 8,7\u2033 \u00d7 7,1\u2033 \u00d7 0,12\u2033 (220 \u00d7 180 \u00d7 3 mm)  <br \/>\n&#8211; Producto en blanco procedente de China<\/p>\n<p>Atenci\u00f3n: Evite colocar la almohadilla bajo la luz solar directa para evitar que se decolore.<\/p>\n","protected":false},"excerpt":{"rendered":"<p>Todo rat\u00f3n necesita una buena alfombrilla. Nuestra alfombrilla de rat\u00f3n ofrece un agarre supremo y un movimiento del rat\u00f3n sin esfuerzo, y lo hace con estilo. &#8211; Superficie de poli\u00e9ster suave &#8211; Base de caucho natural &#8211; Bordes redondeados &#8211; 79,4 g (2,8 oz) &#8211; Tama\u00f1o: 8,7\u2033 \u00d7 7,1\u2033 \u00d7 0,12\u2033 (220 \u00d7 180 \u00d7 [&hellip;]<\/p>\n","protected":false},"featured_media":2230,"comment_status":"open","ping_status":"closed","template":"","meta":{"_et_pb_use_builder":"","_et_pb_old_content":"","_et_gb_content_width":""},"product_brand":[],"product_cat":[100],"product_tag":[],"class_list":{"0":"post-8604","1":"product","2":"type-product","3":"status-publish","4":"has-post-thumbnail","6":"product_cat-accesorios","8":"first","9":"instock","10":"shipping-taxable","11":"purchasable","12":"product-type-simple"},"jetpack_sharing_enabled":true,"_links":{"self":[{"href":"https:\/\/www.alexcrossmusic.com\/es\/wp-json\/wp\/v2\/product\/8604","targetHints":{"allow":["GET"]}}],"collection":[{"href":"https:\/\/www.alexcrossmusic.com\/es\/wp-json\/wp\/v2\/product"}],"about":[{"href":"https:\/\/www.alexcrossmusic.com\/es\/wp-json\/wp\/v2\/types\/product"}],"replies":[{"embeddable":true,"href":"https:\/\/www.alexcrossmusic.com\/es\/wp-json\/wp\/v2\/comments?post=8604"}],"wp:featuredmedia":[{"embeddable":true,"href":"https:\/\/www.alexcrossmusic.com\/es\/wp-json\/wp\/v2\/media\/2230"}],"wp:attachment":[{"href":"https:\/\/www.alexcrossmusic.com\/es\/wp-json\/wp\/v2\/media?parent=8604"}],"wp:term":[{"taxonomy":"product_brand","embeddable":true,"href":"https:\/\/www.alexcrossmusic.com\/es\/wp-json\/wp\/v2\/product_brand?post=8604"},{"taxonomy":"product_cat","embeddable":true,"href":"https:\/\/www.alexcrossmusic.com\/es\/wp-json\/wp\/v2\/product_cat?post=8604"},{"taxonomy":"product_tag","embeddable":true,"href":"https:\/\/www.alexcrossmusic.com\/es\/wp-json\/wp\/v2\/product_tag?post=8604"}],"curies":[{"name":"wp","href":"https:\/\/api.w.org\/{rel}","templated":true}]}}