
{"id":8605,"date":"2023-10-28T15:12:59","date_gmt":"2023-10-28T15:12:59","guid":{"rendered":"https:\/\/www.alexcrossmusic.com\/product\/mochila-2\/"},"modified":"2024-06-19T15:46:53","modified_gmt":"2024-06-19T15:46:53","slug":"mochila-2","status":"publish","type":"product","link":"https:\/\/www.alexcrossmusic.com\/es\/producto\/mochila-2\/","title":{"rendered":"Mochila Alex Cross \u00ae Tierras del Ma\u00f1ana"},"content":{"rendered":"<p>Esta mochila de tama\u00f1o medio es justo lo que necesitas para el uso diario o las actividades deportivas. Los bolsillos (incluido uno para el port\u00e1til) ofrecen espacio de sobra para todas tus necesidades, mientras que el material impermeable las proteger\u00e1 de las inclemencias del tiempo.  <br \/>\n&#8211; 100% poli\u00e9ster<br \/>\n&#8211; Dimensiones: A 16\u215e\u00bb (42 cm), A 12\u00bc\u00bb (31 cm), P 3\u215e\u00bb (10 cm)<br \/>\n&#8211; 325 g\/m\u00b2 (9,56 oz\/yd\u00b2), el peso puede variar en un 5%.<br \/>\n&#8211; L\u00edmite de peso m\u00e1ximo: 20 kg (44 lb)<br \/>\n&#8211; Material impermeable<br \/>\n&#8211; Gran bolsillo interior con un compartimento separado para un port\u00e1til de 15&#8243;, bolsillo frontal con cremallera y un bolsillo oculto con cremallera en la parte trasera de la bolsa<br \/>\n&#8211; La cremallera superior tiene 2 deslizadores con tiradores de cremallera<br \/>\n&#8211; Forro sedoso, dobladillo interior ribeteado y suave malla en la espalda<br \/>\n&#8211; Correas ergon\u00f3micas acolchadas de poli\u00e9ster con reguladores de pl\u00e1stico para las correas<br \/>\n&#8211; Componentes de productos en blanco procedentes de China<\/p>\n","protected":false},"excerpt":{"rendered":"<p>Esta mochila de tama\u00f1o medio es justo lo que necesitas para el uso diario o las actividades deportivas. Los bolsillos (incluido uno para el port\u00e1til) ofrecen espacio de sobra para todas tus necesidades, mientras que el material impermeable las proteger\u00e1 de las inclemencias del tiempo. &#8211; 100% poli\u00e9ster &#8211; Dimensiones: A 16\u215e\u00bb (42 cm), A [&hellip;]<\/p>\n","protected":false},"featured_media":2219,"comment_status":"open","ping_status":"closed","template":"","meta":{"_et_pb_use_builder":"","_et_pb_old_content":"","_et_gb_content_width":""},"product_brand":[],"product_cat":[100,178],"product_tag":[],"class_list":{"0":"post-8605","1":"product","2":"type-product","3":"status-publish","4":"has-post-thumbnail","6":"product_cat-accesorios","7":"product_cat-mochilas","9":"first","10":"instock","11":"shipping-taxable","12":"purchasable","13":"product-type-simple"},"jetpack_sharing_enabled":true,"_links":{"self":[{"href":"https:\/\/www.alexcrossmusic.com\/es\/wp-json\/wp\/v2\/product\/8605","targetHints":{"allow":["GET"]}}],"collection":[{"href":"https:\/\/www.alexcrossmusic.com\/es\/wp-json\/wp\/v2\/product"}],"about":[{"href":"https:\/\/www.alexcrossmusic.com\/es\/wp-json\/wp\/v2\/types\/product"}],"replies":[{"embeddable":true,"href":"https:\/\/www.alexcrossmusic.com\/es\/wp-json\/wp\/v2\/comments?post=8605"}],"wp:featuredmedia":[{"embeddable":true,"href":"https:\/\/www.alexcrossmusic.com\/es\/wp-json\/wp\/v2\/media\/2219"}],"wp:attachment":[{"href":"https:\/\/www.alexcrossmusic.com\/es\/wp-json\/wp\/v2\/media?parent=8605"}],"wp:term":[{"taxonomy":"product_brand","embeddable":true,"href":"https:\/\/www.alexcrossmusic.com\/es\/wp-json\/wp\/v2\/product_brand?post=8605"},{"taxonomy":"product_cat","embeddable":true,"href":"https:\/\/www.alexcrossmusic.com\/es\/wp-json\/wp\/v2\/product_cat?post=8605"},{"taxonomy":"product_tag","embeddable":true,"href":"https:\/\/www.alexcrossmusic.com\/es\/wp-json\/wp\/v2\/product_tag?post=8605"}],"curies":[{"name":"wp","href":"https:\/\/api.w.org\/{rel}","templated":true}]}}