
{"id":8669,"date":"2023-10-28T15:07:46","date_gmt":"2023-10-28T15:07:46","guid":{"rendered":"https:\/\/www.alexcrossmusic.com\/product\/sudadera-organica-de-raglan-unisex\/"},"modified":"2023-10-28T15:07:46","modified_gmt":"2023-10-28T15:07:46","slug":"sudadera-organica-de-raglan-unisex","status":"publish","type":"product","link":"https:\/\/www.alexcrossmusic.com\/es\/producto\/sudadera-organica-de-raglan-unisex\/","title":{"rendered":"Sudadera org\u00e1nica de ragl\u00e1n unisex"},"content":{"rendered":"<p>Lista de tareas: sentirse c\u00f3modo y elegante al mismo tiempo. Marca ambas tareas como hechas con la sudadera org\u00e1nica unisex de ragl\u00e1n. Su forro polar cepillado te har\u00e1 sentir como si te abrazara una nube de suavidad&#8230; y el exterior 100% algod\u00f3n te garantizar\u00e1 un tacto suave en el exterior.<\/p>\n<p>&#8211; Exterior 100% algod\u00f3n org\u00e1nico<br \/>\n&#8211; El exterior de Charcoal Melange es 60% algod\u00f3n org\u00e1nico, 40% poli\u00e9ster reciclado<br \/>\n&#8211; 80% algod\u00f3n org\u00e1nico, 20% interior de poli\u00e9ster reciclado<br \/>\n&#8211; 97% algod\u00f3n org\u00e1nico, 3% elastano.<br \/>\n&#8211; Peso del tejido: 280 g\/m\u00b2 (8,3 oz\/yd\u00b2)<br \/>\n&#8211; Peso del tejido para Charcoal Melange: 348 g\/m\u00b2 (10,3 oz\/yd\u00b2)<br \/>\n&#8211; Costura lateral<br \/>\n&#8211; Mangas ragl\u00e1n<br \/>\n&#8211; Cinta para el cuello<br \/>\n&#8211; Forro polar cepillado<br \/>\n&#8211; Pu\u00f1os, cuello y dobladillo de canal\u00e9 2 \u00d7 2<br \/>\n&#8211; Producto en blanco procedente de Pakist\u00e1n<\/p>\n<p>Este producto se fabrica especialmente para usted en cuanto hace el pedido, por eso tardamos un poco m\u00e1s en entreg\u00e1rselo. Fabricar productos bajo pedido en lugar de a granel ayuda a reducir la sobreproducci\u00f3n, as\u00ed que gracias por tomar decisiones de compra meditadas.<\/p>\n","protected":false},"excerpt":{"rendered":"<p>Lista de tareas: sentirse c\u00f3modo y elegante al mismo tiempo. Marca ambas tareas como hechas con la sudadera org\u00e1nica unisex de ragl\u00e1n. Su forro polar cepillado te har\u00e1 sentir como si te abrazara una nube de suavidad&#8230; y el exterior 100% algod\u00f3n te garantizar\u00e1 un tacto suave en el exterior. &#8211; Exterior 100% algod\u00f3n org\u00e1nico [&hellip;]<\/p>\n","protected":false},"featured_media":2071,"comment_status":"open","ping_status":"closed","template":"","meta":{"_et_pb_use_builder":"","_et_pb_old_content":"","_et_gb_content_width":""},"product_brand":[],"product_cat":[106,99,180],"product_tag":[],"class_list":{"0":"post-8669","1":"product","2":"type-product","3":"status-publish","4":"has-post-thumbnail","6":"product_cat-hombres","7":"product_cat-mujeres","8":"product_cat-unisex-es","10":"first","11":"instock","12":"shipping-taxable","13":"purchasable","14":"product-type-variable"},"jetpack_sharing_enabled":true,"_links":{"self":[{"href":"https:\/\/www.alexcrossmusic.com\/es\/wp-json\/wp\/v2\/product\/8669","targetHints":{"allow":["GET"]}}],"collection":[{"href":"https:\/\/www.alexcrossmusic.com\/es\/wp-json\/wp\/v2\/product"}],"about":[{"href":"https:\/\/www.alexcrossmusic.com\/es\/wp-json\/wp\/v2\/types\/product"}],"replies":[{"embeddable":true,"href":"https:\/\/www.alexcrossmusic.com\/es\/wp-json\/wp\/v2\/comments?post=8669"}],"wp:featuredmedia":[{"embeddable":true,"href":"https:\/\/www.alexcrossmusic.com\/es\/wp-json\/wp\/v2\/media\/2071"}],"wp:attachment":[{"href":"https:\/\/www.alexcrossmusic.com\/es\/wp-json\/wp\/v2\/media?parent=8669"}],"wp:term":[{"taxonomy":"product_brand","embeddable":true,"href":"https:\/\/www.alexcrossmusic.com\/es\/wp-json\/wp\/v2\/product_brand?post=8669"},{"taxonomy":"product_cat","embeddable":true,"href":"https:\/\/www.alexcrossmusic.com\/es\/wp-json\/wp\/v2\/product_cat?post=8669"},{"taxonomy":"product_tag","embeddable":true,"href":"https:\/\/www.alexcrossmusic.com\/es\/wp-json\/wp\/v2\/product_tag?post=8669"}],"curies":[{"name":"wp","href":"https:\/\/api.w.org\/{rel}","templated":true}]}}