
{"id":8720,"date":"2023-10-28T14:30:48","date_gmt":"2023-10-28T14:30:48","guid":{"rendered":"https:\/\/www.alexcrossmusic.com\/product\/sudadera-unisex-con-capucha-y-cremallera-2\/"},"modified":"2023-10-28T14:30:48","modified_gmt":"2023-10-28T14:30:48","slug":"sudadera-unisex-con-capucha-y-cremallera-2","status":"publish","type":"product","link":"https:\/\/www.alexcrossmusic.com\/es\/producto\/sudadera-unisex-con-capucha-y-cremallera-2\/","title":{"rendered":"Sudadera unisex con capucha y cremallera"},"content":{"rendered":"<p>Dise\u00f1ada pensando en el estilo y la comodidad, esta sudadera con capucha se convertir\u00e1 r\u00e1pidamente en tu nueva favorita. Est\u00e1 hecha de suave forro polar por dentro y por fuera, con una resistente cremallera met\u00e1lica, pr\u00e1cticos bolsillos delanteros y una capucha con cordones de colores a juego.<\/p>\n<p>&#8211; 50% algod\u00f3n, 50% poli\u00e9ster<br \/>\n&#8211; Peso del tejido: 271 g\/m\u00b2 (8 oz\/yd\u00b2)<br \/>\n&#8211; Di\u00e1metro del hilo: 20 unidades<br \/>\n&#8211; Suave tejido polar interior y exterior<br \/>\n&#8211; Hilado por chorro de aire para reducir el apilamiento<br \/>\n&#8211; Corte normal<br \/>\n&#8211; Cremallera met\u00e1lica<br \/>\n&#8211; Bolsillos delanteros<br \/>\n&#8211; Capucha sin forro con cord\u00f3n de color a juego<br \/>\n&#8211; Costuras a doble aguja en hombros, sisas, cuello, cintura y pu\u00f1os<br \/>\n&#8211; Seguridad Verde: Conforme a ANSI\/ISEA 107<br \/>\n&#8211; Productos en blanco procedentes de Honduras y El Salvador<\/p>\n<p>Este producto se fabrica especialmente para usted en cuanto hace el pedido, por eso tardamos un poco m\u00e1s en entreg\u00e1rselo. Fabricar productos bajo pedido en lugar de a granel ayuda a reducir la sobreproducci\u00f3n, as\u00ed que gracias por tomar decisiones de compra meditadas.<\/p>\n","protected":false},"excerpt":{"rendered":"<p>Dise\u00f1ada pensando en el estilo y la comodidad, esta sudadera con capucha se convertir\u00e1 r\u00e1pidamente en tu nueva favorita. Est\u00e1 hecha de suave forro polar por dentro y por fuera, con una resistente cremallera met\u00e1lica, pr\u00e1cticos bolsillos delanteros y una capucha con cordones de colores a juego. &#8211; 50% algod\u00f3n, 50% poli\u00e9ster &#8211; Peso del [&hellip;]<\/p>\n","protected":false},"featured_media":1932,"comment_status":"open","ping_status":"closed","template":"","meta":{"_et_pb_use_builder":"","_et_pb_old_content":"","_et_gb_content_width":""},"product_brand":[],"product_cat":[106,99,180],"product_tag":[],"class_list":{"0":"post-8720","1":"product","2":"type-product","3":"status-publish","4":"has-post-thumbnail","6":"product_cat-hombres","7":"product_cat-mujeres","8":"product_cat-unisex-es","10":"first","11":"instock","12":"shipping-taxable","13":"purchasable","14":"product-type-variable"},"jetpack_sharing_enabled":true,"_links":{"self":[{"href":"https:\/\/www.alexcrossmusic.com\/es\/wp-json\/wp\/v2\/product\/8720","targetHints":{"allow":["GET"]}}],"collection":[{"href":"https:\/\/www.alexcrossmusic.com\/es\/wp-json\/wp\/v2\/product"}],"about":[{"href":"https:\/\/www.alexcrossmusic.com\/es\/wp-json\/wp\/v2\/types\/product"}],"replies":[{"embeddable":true,"href":"https:\/\/www.alexcrossmusic.com\/es\/wp-json\/wp\/v2\/comments?post=8720"}],"wp:featuredmedia":[{"embeddable":true,"href":"https:\/\/www.alexcrossmusic.com\/es\/wp-json\/wp\/v2\/media\/1932"}],"wp:attachment":[{"href":"https:\/\/www.alexcrossmusic.com\/es\/wp-json\/wp\/v2\/media?parent=8720"}],"wp:term":[{"taxonomy":"product_brand","embeddable":true,"href":"https:\/\/www.alexcrossmusic.com\/es\/wp-json\/wp\/v2\/product_brand?post=8720"},{"taxonomy":"product_cat","embeddable":true,"href":"https:\/\/www.alexcrossmusic.com\/es\/wp-json\/wp\/v2\/product_cat?post=8720"},{"taxonomy":"product_tag","embeddable":true,"href":"https:\/\/www.alexcrossmusic.com\/es\/wp-json\/wp\/v2\/product_tag?post=8720"}],"curies":[{"name":"wp","href":"https:\/\/api.w.org\/{rel}","templated":true}]}}